{"id":8956,"date":"2024-09-26T10:11:19","date_gmt":"2024-09-26T08:11:19","guid":{"rendered":"https:\/\/odyssey.education\/orientation\/"},"modified":"2025-04-03T15:42:08","modified_gmt":"2025-04-03T13:42:08","slug":"orientation","status":"publish","type":"page","link":"https:\/\/odyssey.education\/en\/educational-offer\/orientation\/","title":{"rendered":"Orientation"},"content":{"rendered":"<p>\t\t\t\t<!-- avec ou sans CTA : m\u00eame code, \u00e7a centre verticalement le texte --><\/p>\n<div class=\"smallheader\" id=\"bloc_small_header_1\">\n<style type=\"text\/css\">\n\t\t\t\t\t\t\t#bloc_small_header_1 {background-image: url(https:\/\/odyssey.education\/wp-content\/uploads\/2024\/09\/Small-Header_Graduation-610x270.png);}\n\t\t\t\t\t\t\t@media (min-width: 480px) {\t#bloc_small_header_1 {background-image: url(https:\/\/odyssey.education\/wp-content\/uploads\/2024\/09\/Small-Header_Graduation-610x270.png);}}\n\t\t\t\t\t\t\t@media (min-width: 768px) {\t#bloc_small_header_1 {background-image: url(https:\/\/odyssey.education\/wp-content\/uploads\/2024\/09\/Small-Header_Graduation-1024x215.png);}}\n\t\t\t\t\t\t\t@media (min-width: 992px) { #bloc_small_header_1 {background-image: url(https:\/\/odyssey.education\/wp-content\/uploads\/2024\/09\/Small-Header_Graduation-1024x215.png);}}\n\t\t\t\t\t\t\t@media (min-width: 1200px) { #bloc_small_header_1 {background-image: url(https:\/\/odyssey.education\/wp-content\/uploads\/2024\/09\/Small-Header_Graduation-1536x322.png);}}\n\t\t\t\t\t\t<\/style>\n<div class=\"container d-flex flex-column justify-content-center align-items-start\">\n<h1><span>Orientation at Odyssey<\/span><\/h1>\n<p>College counseling from Grade 9 (3e) to Grade 12 (Terminale)<\/p>\n<\/p><\/div>\n<\/p><\/div>\n<div class=\"bloctext bloctext--color1 bloctext--haspattern\" id=\"bloc_6_2\">\n<div class=\"container\">\n<div class=\"row\">\n<div class=\"col-12 col-lg-4 col-xl-3 mb-1\">\n<h2><span> A comprehensive college counseling system<\/span><\/h2>\n<\/p><\/div>\n<div class=\"col-12 col-lg-8 col-xl-9\">\n<div class=\"text pl-lg-4\">\n<p><b>Orientation<\/b><span style=\"font-weight: 400;\">, whether it&rsquo;s about choosing options, courses of study, higher education, or a career path, is a crucial issue for students from <\/span><b>Grade 9 (3\u1d49)<\/b><span style=\"font-weight: 400;\"> to <\/span><b>Grade 12 (Terminale)<\/b><span style=\"font-weight: 400;\">. In an ever-changing world, it can be challenging to plan your studies and career with clarity and confidence. To address this challenge, the Odyssey Education group, in collaboration with the school&rsquo;s educational team and orientation experts, has also developed <\/span><b>ODYSSUP<\/b><span style=\"font-weight: 400;\">: a personalized coaching program designed for students who wish to further clarify and realize their projects in a progressive and customized manner.<\/span><\/p>\n<\/p><\/div>\n<\/p><\/div>\n<\/p><\/div>\n<\/p><\/div>\n<\/div>\n<div class=\"bloctext bloctext--nocolor bloctext--haspattern\" id=\"bloc_6_3\">\n<div class=\"container\">\n<div class=\"row\">\n<div class=\"col-12 col-lg-4 col-xl-3 mb-1\">\n<h2><span>ODYSSUP, a personalised coaching programme<\/span><\/h2>\n<\/p><\/div>\n<div class=\"col-12 col-lg-8 col-xl-9\">\n<div class=\"text pl-lg-4\">\n<h3><span style=\"font-weight: 400;\">From <\/span><b>Grade 9 (3\u1d49)<\/b><span style=\"font-weight: 400;\"> onwards, <\/span><b>ODYSSUP<\/b><span style=\"font-weight: 400;\"> offers an enriching core curriculum that includes conferences on global educational systems, professional forums, and visits to universities. This program is complemented by individualized coaching to help each student define their objectives and build a solid application portfolio.<\/span><\/h3>\n<ul>\n<li style=\"font-weight: 400;\" aria-level=\"1\"><b>In Grade 9 (3\u1d49):<\/b><span style=\"font-weight: 400;\"> Exploring, self-discovery, and initiating a personal research approach.<\/span><\/li>\n<li style=\"font-weight: 400;\" aria-level=\"1\"><b>In Grade 10 (Seconde):<\/b><span style=\"font-weight: 400;\"> Discovering a wide range of opportunities and affirming areas of interest.<\/span><\/li>\n<li style=\"font-weight: 400;\" aria-level=\"1\"><b>In Grade 11 (Premi\u00e8re):<\/b><span style=\"font-weight: 400;\"> Choosing academic paths and preparing for selective courses.<\/span><\/li>\n<li style=\"font-weight: 400;\" aria-level=\"1\"><b>In Grade 12 (Terminale):<\/b><span style=\"font-weight: 400;\"> Realizing their projects by opening doors to the world&rsquo;s top universities.<\/span><\/li>\n<\/ul><\/div>\n<\/p><\/div>\n<\/p><\/div>\n<\/p><\/div>\n<\/div>\n<div class=\"bigmedia bigmedia--color3\" id=\"bloc_13_4\">\n<div class=\"container\">\n<h2><span>A program implemented by a dedicated orientation team and renowned partners<\/span><\/h2>\n<\/p>\n<div class=\"row justify-content-center\">\n<div class=\"col-lg-10\">\n<div class=\"slider\">\n<div id=\"slider-bloc_13_4\" class=\"flexslider flexslider--bigmedia loading\">\n<ul class=\"slides list-unstyled\">\n<li class=\"slider-li\">\n\t\t\t\t\t\t\t\t\t\t     \t<a data-fancybox=\"rel-slider-bloc_13_4\" data-caption=\"\" href=\"https:\/\/odyssey.education\/wp-content\/uploads\/2024\/09\/Programme-Odyssup-2024-25-ENG-4-1080x604.png\"><br \/>\n\t\t\t\t\t\t\t\t\t\t\t\t\t<img decoding=\"async\" class=\"img-fluid\" src=\"https:\/\/odyssey.education\/wp-content\/uploads\/2024\/09\/Programme-Odyssup-2024-25-ENG-4-1080x604.png\" width=\"\" height=\"\" alt=\"\"><br \/>\n\t\t\t\t\t\t\t\t\t\t\t\t<\/a>\n\t\t\t\t\t\t\t\t\t\t     <\/li>\n<li class=\"slider-li\">\n\t\t\t\t\t\t\t\t\t\t     \t<a data-fancybox=\"rel-slider-bloc_13_4\" data-caption=\"\" href=\"https:\/\/odyssey.education\/wp-content\/uploads\/2024\/09\/Programme-Odyssup-2024-25-FR-4-1080x604.png\"><br \/>\n\t\t\t\t\t\t\t\t\t\t\t\t\t<img decoding=\"async\" class=\"img-fluid\" src=\"https:\/\/odyssey.education\/wp-content\/uploads\/2024\/09\/Programme-Odyssup-2024-25-FR-4-1080x604.png\" width=\"\" height=\"\" alt=\"\"><br \/>\n\t\t\t\t\t\t\t\t\t\t\t\t<\/a>\n\t\t\t\t\t\t\t\t\t\t     <\/li>\n<\/ul><\/div>\n<\/p><\/div>\n<\/p><\/div>\n<\/p><\/div>\n<\/p><\/div>\n<\/div>\n<div class=\"cardsnumbers cardscolors--color4\" id=\"bloc_1_5\">\n<div class=\"container\">\n<h2><span>4 reasons to register<\/span><\/h2>\n<div class=\"row justify-content-center\">\n<div class=\"col-12 col-sm-6 col-lg-3 mb-2\">\n<div class=\"cardnumber d-flex flex-column align-self-stretch\">\n<div class=\"text text_bis\" >\n\t\t\t\t\t\t\t\t<strong>01<\/strong><\/p>\n<p>Better understand your orientation path<\/p>\n<\/p><\/div>\n<div class=\"more_bis\" >\n<div class=\"more d-flex align-items-center justify-content-center\" >\n<div>\n<p><p>For a serene approach to an increasingly complex and competitive educational landscape<\/p>\n<\/p>\n<\/div><\/div>\n<\/p><\/div>\n<\/p><\/div>\n<\/p><\/div>\n<div class=\"col-12 col-sm-6 col-lg-3 mb-2\">\n<div class=\"cardnumber d-flex flex-column align-self-stretch\">\n<div class=\"text text_bis\" >\n\t\t\t\t\t\t\t\t<strong>02<\/strong><\/p>\n<p>Enhance your academic journey and profile<\/p>\n<\/p><\/div>\n<div class=\"more_bis\" >\n<div class=\"more d-flex align-items-center justify-content-center\" >\n<div>\n<p><p>To showcase your unique academic background and stand out during admissions<\/p>\n<\/p>\n<\/div><\/div>\n<\/p><\/div>\n<\/p><\/div>\n<\/p><\/div>\n<div class=\"col-12 col-sm-6 col-lg-3 mb-2\">\n<div class=\"cardnumber d-flex flex-column align-self-stretch\">\n<div class=\"text text_bis\" >\n\t\t\t\t\t\t\t\t<strong>03<\/strong><\/p>\n<p>Receive tailor-made support<\/p>\n<\/p><\/div>\n<div class=\"more_bis\" >\n<div class=\"more d-flex align-items-center justify-content-center\" >\n<div>\n<p><p>To participate in a program specifically designed for Odyssey Education students<\/p>\n<\/p>\n<\/div><\/div>\n<\/p><\/div>\n<\/p><\/div>\n<\/p><\/div>\n<div class=\"col-12 col-sm-6 col-lg-3 mb-2\">\n<div class=\"cardnumber d-flex flex-column align-self-stretch\">\n<div class=\"text text_bis\" >\n\t\t\t\t\t\t\t\t<strong>04<\/strong><\/p>\n<p>Increase your chances of success<\/p>\n<\/p><\/div>\n<div class=\"more_bis\" >\n<div class=\"more d-flex align-items-center justify-content-center\" >\n<div>\n<p><p>To maximize your opportunities of gaining access to top French and international universities<\/p>\n<\/p>\n<\/div><\/div>\n<\/p><\/div>\n<\/p><\/div>\n<\/p><\/div>\n<\/p><\/div>\n<\/p><\/div>\n<\/div>\n<div class=\"carouseltexts carouseltexts--nocolor\" id=\"bloc_9_6\">\n<div class=\"container\">\n<h2><span>Our coaching program partners<\/span><\/h2>\n<p class=\"mb-2 mb-md-4\">\n<div class=\"row\">\n<div class=\"col-12\">\n<div id=\"carousel-2\" class=\"flexslider flexslider--carouseltexts\">\n<ul class=\"slides list-unstyled\">\n<li class=\"slider-li\">\n<div class=\"cardtext\">\n<div class=\"text\">\n<blockquote><p>\n\t\t\t\t\t    \t\t\t\t<strong>Anywhere Uni: Coaching Premi\u00e8re and Terminale students to make their plans a reality<\/strong><\/p>\n<p>Alban Ferrieu, with 12 years of experience in school counseling for top international schools (French Lyc\u00e9e of Toronto, Sixth Form in Singapore), specializes in international admissions (Anglophone universities and Parcoursup). He has successfully guided numerous students to prestigious institutions, leveraging his extensive network of admission officers. A work psychologist in France with a PhD in Education from Canada, certified by the College Advising Program at Columbia University, he offers privileged access to Anywhere Uni, a crucial platform for successful international applications.<\/p>\n<\/blockquote>\n<p>\t\t\t\t\t    \t\t\t<cite class=\"author\"><br \/>\n\t\t\t\t\t\t\t\t\t\t<img loading=\"lazy\" decoding=\"async\" src=\"https:\/\/odyssey.education\/wp-content\/uploads\/2024\/10\/Logo-anywhere-uni-150x150.jpg\" alt=\"\" width=\"58\" height=\"58\"><\/p>\n<div>\n\t\t\t\t\t\t\t\t\t\t\t<strong><\/strong><br \/>\n\t\t\t\t\t\t\t\t\t\t\t<span><\/span>\n\t\t\t\t\t\t\t\t\t\t<\/div>\n<p>\t\t\t\t\t\t\t\t\t<\/cite><\/p><\/div>\n<\/p><\/div>\n<\/li>\n<li class=\"slider-li\">\n<div class=\"cardtext\">\n<div class=\"text\">\n<blockquote><p>\n\t\t\t\t\t    \t\t\t\t<strong>Eur\u00eaka Study: Supporting the 3\u00e8me and the Seconde students <\/strong><\/p>\n<p>Eur\u00eaka Study provides targeted and adaptive support with programs specifically designed for 3\u00e8mes and 2ndes students. This ongoing guidance, enhanced by psychometric tests and professional exploration pathways, helps students gain a deeper self-understanding and guides them towards the appropriate choice of higher education pathways. Through a personalized approach led by dedicated consultants, Eur\u00eaka Study ensures a coherent and tailored orientation process, essential for successful preparation for higher education.<\/p>\n<\/blockquote>\n<p>\t\t\t\t\t    \t\t\t<cite class=\"author\"><br \/>\n\t\t\t\t\t\t\t\t\t\t<img loading=\"lazy\" decoding=\"async\" src=\"https:\/\/odyssey.education\/wp-content\/uploads\/2024\/10\/Logo-Eureka-Study-150x150.jpg\" alt=\"\" width=\"58\" height=\"58\"><\/p>\n<div>\n\t\t\t\t\t\t\t\t\t\t\t<strong><\/strong><br \/>\n\t\t\t\t\t\t\t\t\t\t\t<span><\/span>\n\t\t\t\t\t\t\t\t\t\t<\/div>\n<p>\t\t\t\t\t\t\t\t\t<\/cite><\/p><\/div>\n<\/p><\/div>\n<\/li>\n<\/ul><\/div>\n<\/p><\/div>\n<\/p><\/div>\n<\/p><\/div>\n<\/div>\n<div class=\"bigmedia bigmedia--nocolor\" id=\"bloc_13_7\">\n<div class=\"container\">\n<h2><span>3\u00e8me and Seconde program<\/span><\/h2>\n<p>Focus on our partner Eur\u00eaka Study<\/p>\n<div class=\"row justify-content-center\">\n<div class=\"col-lg-10\">\n<p><!-- code JDS8WKGb_PU-->\t\t<\/p>\n<div class=\"video\">\n<div class=\"embed-responsive embed-responsive-4by3\"><iframe loading=\"lazy\" title=\"Odyssup Eure\u0302ka Study 16 oct 2024\" width=\"805\" height=\"604\" src=\"https:\/\/www.youtube.com\/embed\/JDS8WKGb_PU?feature=oembed&#038;playsinline=1&#038;loop=1&#038;controls=1&#038;rel=0&#038;title=0&#038;portrait=0&#038;author_name=0\" frameborder=\"0\" allow=\"accelerometer; autoplay; clipboard-write; encrypted-media; gyroscope; picture-in-picture; web-share\" referrerpolicy=\"strict-origin-when-cross-origin\" allowfullscreen frameborder=\"0\"><\/iframe><\/div>\n<\/p><\/div>\n<\/p><\/div>\n<\/p><\/div>\n<\/p><\/div>\n<\/div>\n<div class=\"blocinfo blocinfo--color1\" id=\"bloc_10_8\">\n<div class=\"container\">\n<div class=\"row\">\n<div class=\"col-12 col-md-6\">\n<h2><span>Do you need further information?<\/span><\/h2>\n<p>We\u2019re always available to help you find the best school for your child.<\/p>\n<p>\t\t\t\t<!-- Changer la classe de couleur du bouton en fonction de la couleur g\u00e9n\u00e9rale du bloc --><\/p>\n<div class=\"bloc_cta\" >\n\t<a href=\"https:\/\/odyssey.education\/contact-us\/\" title=\"Contact us\" target=\"\" class=\"mr-3 btn btn--color1\">Contact us<\/a> \t\t\t\t<\/div>\n<\/p><\/div>\n<\/p><\/div>\n<\/p><\/div>\n<\/div>\n","protected":false},"excerpt":{"rendered":"<p>Orientation at Odyssey College counseling from Grade 9 (3e) to Grade 12 (Terminale) A comprehensive college counseling system Orientation, whether [&hellip;]<\/p>\n","protected":false},"author":14,"featured_media":8869,"parent":2346,"menu_order":0,"comment_status":"closed","ping_status":"closed","template":"","meta":{"_acf_changed":false,"kdcopypost-origin-url":"","kdcopypost-origin-id":"","footnotes":""},"class_list":["post-8956","page","type-page","status-publish","has-post-thumbnail","hentry"],"acf":[],"yoast_head":"<!-- This site is optimized with the Yoast SEO plugin v27.2 - https:\/\/yoast.com\/product\/yoast-seo-wordpress\/ -->\n<title>Orientation - ODYSSEY<\/title>\n<meta name=\"description\" content=\"Pour r\u00e9pondre aux d\u00e9fis de l&#039;orientation, Odyssey Education a con\u00e7u le programme ODYSSUP destin\u00e9s \u00e0 ses \u00e9l\u00e8ves\" \/>\n<meta name=\"robots\" content=\"index, follow, max-snippet:-1, max-image-preview:large, max-video-preview:-1\" \/>\n<link rel=\"canonical\" href=\"https:\/\/odyssey.education\/en\/educational-offer\/orientation\/\" \/>\n<meta property=\"og:locale\" content=\"en_US\" \/>\n<meta property=\"og:type\" content=\"article\" \/>\n<meta property=\"og:title\" content=\"Orientation - ODYSSEY\" \/>\n<meta property=\"og:description\" content=\"Pour r\u00e9pondre aux d\u00e9fis de l&#039;orientation, Odyssey Education a con\u00e7u le programme ODYSSUP destin\u00e9s \u00e0 ses \u00e9l\u00e8ves\" \/>\n<meta property=\"og:url\" content=\"https:\/\/odyssey.education\/en\/educational-offer\/orientation\/\" \/>\n<meta property=\"og:site_name\" content=\"ODYSSEY\" \/>\n<meta property=\"article:modified_time\" content=\"2025-04-03T13:42:08+00:00\" \/>\n<meta property=\"og:image\" content=\"https:\/\/odyssey.education\/wp-content\/uploads\/2024\/09\/2407_BICC_Graduation-1-1024x683.jpg\" \/>\n\t<meta property=\"og:image:width\" content=\"1024\" \/>\n\t<meta property=\"og:image:height\" content=\"683\" \/>\n\t<meta property=\"og:image:type\" content=\"image\/jpeg\" \/>\n<meta name=\"twitter:card\" content=\"summary_large_image\" \/>\n<meta name=\"twitter:label1\" content=\"Est. reading time\" \/>\n\t<meta name=\"twitter:data1\" content=\"6 minutes\" \/>\n<script type=\"application\/ld+json\" class=\"yoast-schema-graph\">{\"@context\":\"https:\/\/schema.org\",\"@graph\":[{\"@type\":\"WebPage\",\"@id\":\"https:\/\/odyssey.education\/en\/educational-offer\/orientation\/\",\"url\":\"https:\/\/odyssey.education\/en\/educational-offer\/orientation\/\",\"name\":\"Orientation - ODYSSEY\",\"isPartOf\":{\"@id\":\"https:\/\/odyssey.education\/#website\"},\"primaryImageOfPage\":{\"@id\":\"https:\/\/odyssey.education\/en\/educational-offer\/orientation\/#primaryimage\"},\"image\":{\"@id\":\"https:\/\/odyssey.education\/en\/educational-offer\/orientation\/#primaryimage\"},\"thumbnailUrl\":\"https:\/\/odyssey.education\/wp-content\/uploads\/2024\/09\/2407_BICC_Graduation-1.jpg\",\"datePublished\":\"2024-09-26T08:11:19+00:00\",\"dateModified\":\"2025-04-03T13:42:08+00:00\",\"description\":\"Pour r\u00e9pondre aux d\u00e9fis de l'orientation, Odyssey Education a con\u00e7u le programme ODYSSUP destin\u00e9s \u00e0 ses \u00e9l\u00e8ves\",\"breadcrumb\":{\"@id\":\"https:\/\/odyssey.education\/en\/educational-offer\/orientation\/#breadcrumb\"},\"inLanguage\":\"en-US\",\"potentialAction\":[{\"@type\":\"ReadAction\",\"target\":[\"https:\/\/odyssey.education\/en\/educational-offer\/orientation\/\"]}]},{\"@type\":\"ImageObject\",\"inLanguage\":\"en-US\",\"@id\":\"https:\/\/odyssey.education\/en\/educational-offer\/orientation\/#primaryimage\",\"url\":\"https:\/\/odyssey.education\/wp-content\/uploads\/2024\/09\/2407_BICC_Graduation-1.jpg\",\"contentUrl\":\"https:\/\/odyssey.education\/wp-content\/uploads\/2024\/09\/2407_BICC_Graduation-1.jpg\",\"width\":2048,\"height\":1365},{\"@type\":\"BreadcrumbList\",\"@id\":\"https:\/\/odyssey.education\/en\/educational-offer\/orientation\/#breadcrumb\",\"itemListElement\":[{\"@type\":\"ListItem\",\"position\":1,\"name\":\"Accueil\",\"item\":\"https:\/\/odyssey.education\/en\/\"},{\"@type\":\"ListItem\",\"position\":2,\"name\":\"Educational offer\",\"item\":\"https:\/\/odyssey.education\/en\/educational-offer\/\"},{\"@type\":\"ListItem\",\"position\":3,\"name\":\"Orientation\"}]},{\"@type\":\"WebSite\",\"@id\":\"https:\/\/odyssey.education\/#website\",\"url\":\"https:\/\/odyssey.education\/\",\"name\":\"ODYSSEY\",\"description\":\"Lyc\u00e9es fran\u00e7ais, International Education\",\"publisher\":{\"@id\":\"https:\/\/odyssey.education\/#organization\"},\"potentialAction\":[{\"@type\":\"SearchAction\",\"target\":{\"@type\":\"EntryPoint\",\"urlTemplate\":\"https:\/\/odyssey.education\/?s={search_term_string}\"},\"query-input\":{\"@type\":\"PropertyValueSpecification\",\"valueRequired\":true,\"valueName\":\"search_term_string\"}}],\"inLanguage\":\"en-US\"},{\"@type\":\"Organization\",\"@id\":\"https:\/\/odyssey.education\/#organization\",\"name\":\"Odyssey\",\"url\":\"https:\/\/odyssey.education\/\",\"logo\":{\"@type\":\"ImageObject\",\"inLanguage\":\"en-US\",\"@id\":\"https:\/\/odyssey.education\/#\/schema\/logo\/image\/\",\"url\":\"https:\/\/odyssey.education\/wp-content\/uploads\/2022\/01\/logo-2.png\",\"contentUrl\":\"https:\/\/odyssey.education\/wp-content\/uploads\/2022\/01\/logo-2.png\",\"width\":278,\"height\":101,\"caption\":\"Odyssey\"},\"image\":{\"@id\":\"https:\/\/odyssey.education\/#\/schema\/logo\/image\/\"},\"sameAs\":[\"https:\/\/www.linkedin.com\/company\/odyssey-international-sas\/\"]}]}<\/script>\n<!-- \/ Yoast SEO plugin. -->","yoast_head_json":{"title":"Orientation - ODYSSEY","description":"Pour r\u00e9pondre aux d\u00e9fis de l'orientation, Odyssey Education a con\u00e7u le programme ODYSSUP destin\u00e9s \u00e0 ses \u00e9l\u00e8ves","robots":{"index":"index","follow":"follow","max-snippet":"max-snippet:-1","max-image-preview":"max-image-preview:large","max-video-preview":"max-video-preview:-1"},"canonical":"https:\/\/odyssey.education\/en\/educational-offer\/orientation\/","og_locale":"en_US","og_type":"article","og_title":"Orientation - ODYSSEY","og_description":"Pour r\u00e9pondre aux d\u00e9fis de l'orientation, Odyssey Education a con\u00e7u le programme ODYSSUP destin\u00e9s \u00e0 ses \u00e9l\u00e8ves","og_url":"https:\/\/odyssey.education\/en\/educational-offer\/orientation\/","og_site_name":"ODYSSEY","article_modified_time":"2025-04-03T13:42:08+00:00","og_image":[{"width":1024,"height":683,"url":"https:\/\/odyssey.education\/wp-content\/uploads\/2024\/09\/2407_BICC_Graduation-1-1024x683.jpg","type":"image\/jpeg"}],"twitter_card":"summary_large_image","twitter_misc":{"Est. reading time":"6 minutes"},"schema":{"@context":"https:\/\/schema.org","@graph":[{"@type":"WebPage","@id":"https:\/\/odyssey.education\/en\/educational-offer\/orientation\/","url":"https:\/\/odyssey.education\/en\/educational-offer\/orientation\/","name":"Orientation - ODYSSEY","isPartOf":{"@id":"https:\/\/odyssey.education\/#website"},"primaryImageOfPage":{"@id":"https:\/\/odyssey.education\/en\/educational-offer\/orientation\/#primaryimage"},"image":{"@id":"https:\/\/odyssey.education\/en\/educational-offer\/orientation\/#primaryimage"},"thumbnailUrl":"https:\/\/odyssey.education\/wp-content\/uploads\/2024\/09\/2407_BICC_Graduation-1.jpg","datePublished":"2024-09-26T08:11:19+00:00","dateModified":"2025-04-03T13:42:08+00:00","description":"Pour r\u00e9pondre aux d\u00e9fis de l'orientation, Odyssey Education a con\u00e7u le programme ODYSSUP destin\u00e9s \u00e0 ses \u00e9l\u00e8ves","breadcrumb":{"@id":"https:\/\/odyssey.education\/en\/educational-offer\/orientation\/#breadcrumb"},"inLanguage":"en-US","potentialAction":[{"@type":"ReadAction","target":["https:\/\/odyssey.education\/en\/educational-offer\/orientation\/"]}]},{"@type":"ImageObject","inLanguage":"en-US","@id":"https:\/\/odyssey.education\/en\/educational-offer\/orientation\/#primaryimage","url":"https:\/\/odyssey.education\/wp-content\/uploads\/2024\/09\/2407_BICC_Graduation-1.jpg","contentUrl":"https:\/\/odyssey.education\/wp-content\/uploads\/2024\/09\/2407_BICC_Graduation-1.jpg","width":2048,"height":1365},{"@type":"BreadcrumbList","@id":"https:\/\/odyssey.education\/en\/educational-offer\/orientation\/#breadcrumb","itemListElement":[{"@type":"ListItem","position":1,"name":"Accueil","item":"https:\/\/odyssey.education\/en\/"},{"@type":"ListItem","position":2,"name":"Educational offer","item":"https:\/\/odyssey.education\/en\/educational-offer\/"},{"@type":"ListItem","position":3,"name":"Orientation"}]},{"@type":"WebSite","@id":"https:\/\/odyssey.education\/#website","url":"https:\/\/odyssey.education\/","name":"ODYSSEY","description":"Lyc\u00e9es fran\u00e7ais, International Education","publisher":{"@id":"https:\/\/odyssey.education\/#organization"},"potentialAction":[{"@type":"SearchAction","target":{"@type":"EntryPoint","urlTemplate":"https:\/\/odyssey.education\/?s={search_term_string}"},"query-input":{"@type":"PropertyValueSpecification","valueRequired":true,"valueName":"search_term_string"}}],"inLanguage":"en-US"},{"@type":"Organization","@id":"https:\/\/odyssey.education\/#organization","name":"Odyssey","url":"https:\/\/odyssey.education\/","logo":{"@type":"ImageObject","inLanguage":"en-US","@id":"https:\/\/odyssey.education\/#\/schema\/logo\/image\/","url":"https:\/\/odyssey.education\/wp-content\/uploads\/2022\/01\/logo-2.png","contentUrl":"https:\/\/odyssey.education\/wp-content\/uploads\/2022\/01\/logo-2.png","width":278,"height":101,"caption":"Odyssey"},"image":{"@id":"https:\/\/odyssey.education\/#\/schema\/logo\/image\/"},"sameAs":["https:\/\/www.linkedin.com\/company\/odyssey-international-sas\/"]}]}},"_links":{"self":[{"href":"https:\/\/odyssey.education\/en\/wp-json\/wp\/v2\/pages\/8956","targetHints":{"allow":["GET"]}}],"collection":[{"href":"https:\/\/odyssey.education\/en\/wp-json\/wp\/v2\/pages"}],"about":[{"href":"https:\/\/odyssey.education\/en\/wp-json\/wp\/v2\/types\/page"}],"author":[{"embeddable":true,"href":"https:\/\/odyssey.education\/en\/wp-json\/wp\/v2\/users\/14"}],"replies":[{"embeddable":true,"href":"https:\/\/odyssey.education\/en\/wp-json\/wp\/v2\/comments?post=8956"}],"version-history":[{"count":8,"href":"https:\/\/odyssey.education\/en\/wp-json\/wp\/v2\/pages\/8956\/revisions"}],"predecessor-version":[{"id":10232,"href":"https:\/\/odyssey.education\/en\/wp-json\/wp\/v2\/pages\/8956\/revisions\/10232"}],"up":[{"embeddable":true,"href":"https:\/\/odyssey.education\/en\/wp-json\/wp\/v2\/pages\/2346"}],"wp:featuredmedia":[{"embeddable":true,"href":"https:\/\/odyssey.education\/en\/wp-json\/wp\/v2\/media\/8869"}],"wp:attachment":[{"href":"https:\/\/odyssey.education\/en\/wp-json\/wp\/v2\/media?parent=8956"}],"curies":[{"name":"wp","href":"https:\/\/api.w.org\/{rel}","templated":true}]}}