{"id":8189,"date":"2024-06-05T17:50:45","date_gmt":"2024-06-05T15:50:45","guid":{"rendered":"https:\/\/odyssey.education\/?page_id=8189"},"modified":"2024-06-05T17:50:50","modified_gmt":"2024-06-05T15:50:50","slug":"8189-2","status":"publish","type":"page","link":"https:\/\/odyssey.education\/en\/educational-offer\/8189-2\/","title":{"rendered":""},"content":{"rendered":"<p>\t\t\t\t<!-- avec ou sans CTA : m\u00eame code, \u00e7a centre verticalement le texte --><\/p>\n<div class=\"smallheader\" id=\"bloc_small_header_8\">\n<style type=\"text\/css\">\n\t\t\t\t\t\t\t#bloc_small_header_8 {background-image: url(https:\/\/odyssey.education\/wp-content\/uploads\/2021\/12\/Small-Header_St-Dominique-Rome-610x270.png);}\n\t\t\t\t\t\t\t@media (min-width: 480px) {\t#bloc_small_header_8 {background-image: url(https:\/\/odyssey.education\/wp-content\/uploads\/2021\/12\/Small-Header_St-Dominique-Rome-610x270.png);}}\n\t\t\t\t\t\t\t@media (min-width: 768px) {\t#bloc_small_header_8 {background-image: url(https:\/\/odyssey.education\/wp-content\/uploads\/2021\/12\/Small-Header_St-Dominique-Rome-1024x214.png);}}\n\t\t\t\t\t\t\t@media (min-width: 992px) { #bloc_small_header_8 {background-image: url(https:\/\/odyssey.education\/wp-content\/uploads\/2021\/12\/Small-Header_St-Dominique-Rome-1024x214.png);}}\n\t\t\t\t\t\t\t@media (min-width: 1200px) { #bloc_small_header_8 {background-image: url(https:\/\/odyssey.education\/wp-content\/uploads\/2021\/12\/Small-Header_St-Dominique-Rome-1536x322.png);}}\n\t\t\t\t\t\t<\/style>\n<div class=\"container d-flex flex-column justify-content-center align-items-start\">\n<h1><span>Aper\u00e7u g\u00e9n\u00e9ral<\/span><\/h1>\n<\/p><\/div>\n<\/p><\/div>\n<div class=\"cardscolors cardscolors--nocolor\" id=\"bloc_1_9\">\n<div class=\"container\">\n<h2><span>Cursus Scolaire<\/span><\/h2>\n<div class=\"row justify-content-center\">\n<div class=\"col-12 col-sm-6 col-lg-3 mb-2\">\n<div class=\"cardcolor d-flex flex-column\">\n\t\t\t\t\t\t\t<img decoding=\"async\" class=\"img-fluid\" src=\"https:\/\/odyssey.education\/wp-content\/uploads\/2024\/03\/LPE-Hanoi_DSC00757-maternelle-372x300.jpg\" width=\"\" height=\"\" alt=\"\"><\/p>\n<div class=\"text d-flex flex-column justify-content-center align-self-stretch\">\n<div class=\"title d-flex flex-column justify-content-center\">\n<h4>La maternelle<\/h4>\n<\/p><\/div>\n<p>constitue un parcours d\u2019\u00e9veil qui permet \u00e0 l&#8217;enfant de s\u2019ouvrir, de comprendre et d\u2019agir dans le monde.<\/p>\n<p>\t\t\t\t<a href=\"https:\/\/odyssey.education\/wp-content\/uploads\/2022\/02\/schema-maternelle-elementaire.pdf\" target=\"\" class=\"link\" rel=\"noopener\">T\u00e9l\u00e9charger le cursus<\/a>\n\t\t\t\t\t<\/div>\n<\/p><\/div>\n<\/p><\/div>\n<div class=\"col-12 col-sm-6 col-lg-3 mb-2\">\n<div class=\"cardcolor d-flex flex-column\">\n\t\t\t\t\t\t\t<img decoding=\"async\" class=\"img-fluid\" src=\"https:\/\/odyssey.education\/wp-content\/uploads\/2024\/04\/ISD_Elementaire_503-372x300.jpg\" width=\"\" height=\"\" alt=\"\"><\/p>\n<div class=\"text d-flex flex-column justify-content-center align-self-stretch\">\n<div class=\"title d-flex flex-column justify-content-center\">\n<h4>L\u2019\u00e9l\u00e9mentaire<\/h4>\n<\/p><\/div>\n<p>place l\u2019\u00e9l\u00e8ve dans un parcours de d\u00e9couverte avec l\u2019apprentissage d\u2019un socle commun : connaissance, culture&#8230;<\/p>\n<p>\t\t\t\t<a href=\"https:\/\/odyssey.education\/wp-content\/uploads\/2022\/02\/schema-maternelle-elementaire.pdf\" target=\"\" class=\"link\" rel=\"noopener\">T\u00e9l\u00e9charger le cursus<\/a>\n\t\t\t\t\t<\/div>\n<\/p><\/div>\n<\/p><\/div>\n<div class=\"col-12 col-sm-6 col-lg-3 mb-2\">\n<div class=\"cardcolor d-flex flex-column\">\n\t\t\t\t\t\t\t<img decoding=\"async\" class=\"img-fluid\" src=\"https:\/\/odyssey.education\/wp-content\/uploads\/2024\/04\/ISD_College_375-372x300.jpg\" width=\"\" height=\"\" alt=\"\"><\/p>\n<div class=\"text d-flex flex-column justify-content-center align-self-stretch\">\n<div class=\"title d-flex flex-column justify-content-center\">\n<h4>Le coll\u00e8ge<\/h4>\n<\/p><\/div>\n<p>assure la consolidation des acquis afin de permettre \u00e0 l\u2019\u00e9l\u00e8ve de d\u00e9velopper des comp\u00e9tences dans les diff\u00e9rentes disciplines.<\/p>\n<p>\t\t\t\t<a href=\"https:\/\/odyssey.education\/wp-content\/uploads\/2022\/02\/schema-college-lycee.pdf\" target=\"\" class=\"link\" rel=\"noopener\">T\u00e9l\u00e9charger le cursus<\/a>\n\t\t\t\t\t<\/div>\n<\/p><\/div>\n<\/p><\/div>\n<div class=\"col-12 col-sm-6 col-lg-3 mb-2\">\n<div class=\"cardcolor d-flex flex-column\">\n\t\t\t\t\t\t\t<img decoding=\"async\" class=\"img-fluid\" src=\"https:\/\/odyssey.education\/wp-content\/uploads\/2021\/12\/EG_2-372x300.png\" width=\"\" height=\"\" alt=\"\"><\/p>\n<div class=\"text d-flex flex-column justify-content-center align-self-stretch\">\n<div class=\"title d-flex flex-column justify-content-center\">\n<h4>Le lyc\u00e9e<\/h4>\n<\/p><\/div>\n<p>se compose de 3 ann\u00e9es d\u2019action et d\u2019orientation afin de pr\u00e9parer l\u2019\u00e9l\u00e8ve \u00e0 son futur parcours d\u2019\u00e9tudiant.<\/p>\n<p>\t\t\t\t<a href=\"https:\/\/odyssey.education\/wp-content\/uploads\/2022\/02\/schema-college-lycee.pdf\" target=\"\" class=\"link\" rel=\"noopener\">T\u00e9l\u00e9charger le cursus<\/a>\n\t\t\t\t\t<\/div>\n<\/p><\/div>\n<\/p><\/div>\n<\/p><\/div>\n<\/p><\/div>\n<\/div>\n<div class=\"bloctext bloctext--color1 bloctext--haspattern\" id=\"bloc_6_10\">\n<div class=\"container\">\n<div class=\"row\">\n<div class=\"col-12 col-lg-4 col-xl-3 mb-1\">\n<h2><span>CADRE SCOLAIRE<\/span><\/h2>\n<\/p><\/div>\n<div class=\"col-12 col-lg-8 col-xl-9\">\n<div class=\"text pl-lg-4\">\n<p class=\"p1\">Nous consid\u00e9rons important que les enfants puissent d\u00e9velopper dans un cadre scolaire, avec des enseignants form\u00e9s, les premiers apprentissages qui leur permettront ensuite d\u2019aborder la scolarit\u00e9 primaire plus en confiance. En choisissant d\u2019inscrire votre enfant d\u00e8s la maternelle dans une \u00e9cole d\u2019Odyssey, vous lui donnez la possibilit\u00e9 de\u00a0<strong>construire les bases d\u2019un d\u00e9veloppement harmonieux dans un environnement bienveillant, parfaitement adapt\u00e9 \u00e0 son \u00e2ge.<\/strong>\u00a0Vous lui permettez surtout d\u2019entamer en douceur un v\u00e9ritable parcours plurilingue solide o\u00f9 le fran\u00e7ais se conjugue \u00e0 l\u2019anglais et \u00e0 la langue nationale.<\/p>\n<p class=\"p1\"><strong>L\u2019\u00e9cole maternelle incarne une force du syst\u00e8me \u00e9ducatif fran\u00e7ais\u00a0: l\u2019entr\u00e9e d\u00e8s le plus jeune \u00e2ge dans les apprentissages.<\/strong>\u00a0L\u2019enfant y apprend \u00e0 devenir plus pr\u00e9cis dans ses intentions, plus exigeant dans ses r\u00e9alisations et \u00e9prouve la satisfaction de se sentir grandir et progresser. Il prend conscience de l\u2019int\u00e9r\u00eat d\u2019apprendre. L\u2019objectif essentiel\u00a0de l\u2019\u00e9cole maternelle est d\u2019aider chaque enfant \u00e0 devenir\u00a0autonome\u00a0et \u00e0 s\u2019approprier des\u00a0connaissances\u00a0et des\u00a0comp\u00e9tences. L\u2019\u00e9cole maternelle fran\u00e7aise suit les programmes officiels fran\u00e7ais qui d\u00e9finissent des comp\u00e9tences pr\u00e9cises \u00e0 ma\u00eetriser. Les apprentissages se structurent autour de progressions et se mettent en \u0153uvre dans des projets de classe.<\/p>\n<\/p><\/div>\n<\/p><\/div>\n<\/p><\/div>\n<\/p><\/div>\n<\/div>\n<div class=\"cardsnumbers cardscolors--nocolor\" id=\"bloc_1_11\">\n<div class=\"container\">\n<div class=\"row mb-2\">\n<div class=\"col-12 col-lg-5 col-xl-4\">\n<h2><span>MATERNELLE<\/span><\/h2>\n<\/p><\/div>\n<div class=\"col-12 col-lg-7 col-xl-8\">\n<p>Les \u00e9tablissements d\u2019Odyssey vous offrent la possibilit\u00e9 de scolariser votre enfant d\u00e8s l\u2019\u00e9cole maternelle, sur 4 ann\u00e9es scolaires avant les niveaux \u00e9l\u00e9mentaires.<\/p>\n<\/p><\/div>\n<\/p><\/div>\n<div class=\"row justify-content-center\">\n<div class=\"col-12 col-sm-6 col-lg-3 mb-2\">\n<div class=\"cardnumber d-flex flex-column align-self-stretch\">\n<div class=\"text \" >\n\t\t\t\t\t\t\t\t<strong>01<\/strong><\/p>\n<p>La toute petite section (TPS) &#8211; 2 ans<\/p>\n<\/p><\/div>\n<div class=\"\" >\n<div class=\"more d-flex align-items-center justify-content-center\" >\n<div>\n<\/div><\/div>\n<\/p><\/div>\n<\/p><\/div>\n<\/p><\/div>\n<div class=\"col-12 col-sm-6 col-lg-3 mb-2\">\n<div class=\"cardnumber d-flex flex-column align-self-stretch\">\n<div class=\"text \" >\n\t\t\t\t\t\t\t\t<strong>02<\/strong><\/p>\n<p>La petite section (PS) &#8211; 3 ans<\/p>\n<\/p><\/div>\n<div class=\"\" >\n<div class=\"more d-flex align-items-center justify-content-center\" >\n<div>\n<\/div><\/div>\n<\/p><\/div>\n<\/p><\/div>\n<\/p><\/div>\n<div class=\"col-12 col-sm-6 col-lg-3 mb-2\">\n<div class=\"cardnumber d-flex flex-column align-self-stretch\">\n<div class=\"text \" >\n\t\t\t\t\t\t\t\t<strong>03<\/strong><\/p>\n<p>La moyenne section (MS) &#8211; 4 ans<\/p>\n<\/p><\/div>\n<div class=\"\" >\n<div class=\"more d-flex align-items-center justify-content-center\" >\n<div>\n<\/div><\/div>\n<\/p><\/div>\n<\/p><\/div>\n<\/p><\/div>\n<div class=\"col-12 col-sm-6 col-lg-3 mb-2\">\n<div class=\"cardnumber d-flex flex-column align-self-stretch\">\n<div class=\"text \" >\n\t\t\t\t\t\t\t\t<strong>04<\/strong><\/p>\n<p>La grande section (GS) &#8211; 5 ans<\/p>\n<\/p><\/div>\n<div class=\"\" >\n<div class=\"more d-flex align-items-center justify-content-center\" >\n<div>\n<\/div><\/div>\n<\/p><\/div>\n<\/p><\/div>\n<\/p><\/div>\n<\/p><\/div>\n<\/p><\/div>\n<\/div>\n<div class=\"bloctext bloctext--color4 bloctext--haspattern\" id=\"bloc_6_12\">\n<div class=\"container\">\n<div class=\"row\">\n<div class=\"col-12 col-lg-4 col-xl-3 mb-1\">\n<h2><span>Groupe Odyssey<\/span><\/h2>\n<\/p><\/div>\n<div class=\"col-12 col-lg-8 col-xl-9\">\n<div class=\"text pl-lg-4\">\n<p class=\"p1\"><b>Les sp\u00e9cificit\u00e9s des \u00e9coles du Groupe Odyssey : \u00a0<\/b><\/p>\n<p class=\"p1\">La force de nos \u00e9tablissements est d\u2019offrir, d\u00e8s l\u2019entr\u00e9e en maternelle, une v\u00e9ritable scolarit\u00e9 plurilingue (fran\u00e7ais \/ anglais \/ langue nationale). L\u2019organisation du temps scolaire s\u2019organise le plus souvent en parit\u00e9 horaire\u00a0: un jour en fran\u00e7ais \/ un jour en anglais. L\u2019\u00e9l\u00e8ve acquiert ainsi un langage oral riche, la finalit\u00e9 \u00e9tant de r\u00e9ussir dans la continuit\u00e9 de la scolarit\u00e9.<\/p>\n<p class=\"p1\"><strong>Les forces des \u00e9coles d\u2019Odyssey\u00a0:<\/strong><\/p>\n<ul class=\"ul1\">\n<li class=\"li2\"><span class=\"s2\">Un enseignement plurilingue par des enseignants locuteurs natifs\u00a0;<\/span><\/li>\n<li class=\"li2\"><span class=\"s2\">Un acc\u00e8s pour des \u00e9l\u00e8ves de toutes nationalit\u00e9s, quel que soit leur ma\u00eetrise de la langue fran\u00e7aise\u00a0;<\/span><\/li>\n<li class=\"li2\"><span class=\"s2\">Un environnement parfaitement s\u00e9curis\u00e9\u00a0;<\/span><\/li>\n<li class=\"li2\"><span class=\"s2\">Une p\u00e9dagogue active et bienveillante qui favorise l\u2019accueil des \u00e9l\u00e8ves et le plaisir d\u2019apprendre.<\/span><\/li>\n<\/ul><\/div>\n<\/p><\/div>\n<\/p><\/div>\n<\/p><\/div>\n<\/div>\n<div class=\"bloctext bloctext--nocolor bloctext--haspattern\" id=\"bloc_6_13\">\n<div class=\"container\">\n<div class=\"row\">\n<div class=\"col-12 col-lg-4 col-xl-3 mb-1\">\n<h2><span>L\u2019\u00c9COLE MATERNELLE FRAN\u00c7AISE<\/span><\/h2>\n<\/p><\/div>\n<div class=\"col-12 col-lg-8 col-xl-9\">\n<div class=\"text pl-lg-4\">\n<p class=\"p1\"><strong>Les apprentissages dans les maternelles fran\u00e7aises se structurent selon les\u00a05 domaines\u00a0suivants :<\/strong><\/p>\n<ol class=\"ol1\">\n<li class=\"li2\"><span class=\"s1\">S\u2019approprier le langage et d\u00e9couvrir l\u2019\u00e9crit (vocabulaire, prise de parole, acquisition du principe alphab\u00e9tique et des gestes de l\u2019\u00e9criture, etc.)\u00a0;<\/span><\/li>\n<li class=\"li2\"><span class=\"s1\">Devenir \u00e9l\u00e8ve\u00a0(apprendre \u00e0 aimer l\u2019\u00e9cole, faire partie d\u2019un groupe organis\u00e9 par des r\u00e8gles, construire son autonomie et sa personnalit\u00e9, etc.)\u00a0;<\/span><\/li>\n<li class=\"li2\"><span class=\"s1\">Agir et s\u2019exprimer avec son corps (activit\u00e9s physiques, expression artistique, danse, jeu th\u00e9\u00e2tral).<\/span><\/li>\n<li class=\"li2\"><span class=\"s1\">D\u00e9couvrir le monde (rep\u00e8res spatiaux et temporels, pens\u00e9e logique et raisonnement, observer et poser des questions, apprendre \u00e0 adopter un autre point de vue que le sien, etc.)<\/span><\/li>\n<li class=\"li2\"><span class=\"s1\">Percevoir, sentir, imaginer, cr\u00e9er\u00a0(sensibilisation aux arts, dessin, compositions plastiques, pratique d\u2019instruments de musique, chants, etc.)<\/span><\/li>\n<\/ol>\n<p><a href=\"https:\/\/eduscol.education.fr\/610\/presentation-de-l-ecole-maternelle\">En savoir plus sur les \u00e9coles maternelles fran\u00e7aises.<\/a><\/p>\n<\/p><\/div>\n<\/p><\/div>\n<\/p><\/div>\n<\/p><\/div>\n<\/div>\n<div class=\"blocinfo blocinfo--color1\" id=\"bloc_10_14\">\n<div class=\"container\">\n<div class=\"row\">\n<div class=\"col-12 col-md-6\">\n<h2><span>Besoin de plus d\u2019information ?<\/span><\/h2>\n<p>Nous restons disponible pour vous aider \u00e0 trouver la meilleure \u00e9cole pour votre enfant.<\/p>\n<p>\t\t\t\t<!-- Changer la classe de couleur du bouton en fonction de la couleur g\u00e9n\u00e9rale du bloc --><\/p>\n<div class=\"bloc_cta\" >\n\t<a href=\"https:\/\/odyssey.education\/contactez-nous\/\" title=\"Contactez-nous\" target=\"\" class=\"mr-3 btn btn--color1\" rel=\"noopener\">Contactez-nous<\/a> \t\t\t\t<\/div>\n<\/p><\/div>\n<\/p><\/div>\n<\/p><\/div>\n<\/div>\n","protected":false},"excerpt":{"rendered":"<p>Aper\u00e7u g\u00e9n\u00e9ral Cursus Scolaire La maternelle constitue un parcours d\u2019\u00e9veil qui permet \u00e0 l&#8217;enfant de s\u2019ouvrir, de comprendre et d\u2019agir [&hellip;]<\/p>\n","protected":false},"author":14,"featured_media":0,"parent":2346,"menu_order":90,"comment_status":"closed","ping_status":"closed","template":"","meta":{"_acf_changed":false,"kdcopypost-origin-url":"","kdcopypost-origin-id":"","footnotes":""},"class_list":["post-8189","page","type-page","status-publish","hentry"],"acf":[],"yoast_head":"<!-- This site is optimized with the Yoast SEO plugin v27.4 - https:\/\/yoast.com\/product\/yoast-seo-wordpress\/ -->\n<title>- ODYSSEY<\/title>\n<meta name=\"robots\" content=\"index, follow, max-snippet:-1, max-image-preview:large, max-video-preview:-1\" \/>\n<link rel=\"canonical\" href=\"https:\/\/odyssey.education\/en\/educational-offer\/8189-2\/\" \/>\n<meta property=\"og:locale\" content=\"en_US\" \/>\n<meta property=\"og:type\" content=\"article\" \/>\n<meta property=\"og:title\" content=\"- ODYSSEY\" \/>\n<meta property=\"og:description\" content=\"Aper\u00e7u g\u00e9n\u00e9ral Cursus Scolaire La maternelle constitue un parcours d\u2019\u00e9veil qui permet \u00e0 l&#8217;enfant de s\u2019ouvrir, de comprendre et d\u2019agir [&hellip;]\" \/>\n<meta property=\"og:url\" content=\"https:\/\/odyssey.education\/en\/educational-offer\/8189-2\/\" \/>\n<meta property=\"og:site_name\" content=\"ODYSSEY\" \/>\n<meta property=\"article:modified_time\" content=\"2024-06-05T15:50:50+00:00\" \/>\n<meta property=\"og:image\" content=\"https:\/\/odyssey.education\/wp-content\/uploads\/2024\/03\/LPE-Hanoi_DSC00757-maternelle-372x300.jpg\" \/>\n<meta name=\"twitter:card\" content=\"summary_large_image\" \/>\n<meta name=\"twitter:label1\" content=\"Est. reading time\" \/>\n\t<meta name=\"twitter:data1\" content=\"5 minutes\" \/>\n<script type=\"application\/ld+json\" class=\"yoast-schema-graph\">{\"@context\":\"https:\\\/\\\/schema.org\",\"@graph\":[{\"@type\":\"WebPage\",\"@id\":\"https:\\\/\\\/odyssey.education\\\/en\\\/educational-offer\\\/8189-2\\\/\",\"url\":\"https:\\\/\\\/odyssey.education\\\/en\\\/educational-offer\\\/8189-2\\\/\",\"name\":\"- ODYSSEY\",\"isPartOf\":{\"@id\":\"https:\\\/\\\/odyssey.education\\\/#website\"},\"primaryImageOfPage\":{\"@id\":\"https:\\\/\\\/odyssey.education\\\/en\\\/educational-offer\\\/8189-2\\\/#primaryimage\"},\"image\":{\"@id\":\"https:\\\/\\\/odyssey.education\\\/en\\\/educational-offer\\\/8189-2\\\/#primaryimage\"},\"thumbnailUrl\":\"https:\\\/\\\/odyssey.education\\\/wp-content\\\/uploads\\\/2024\\\/03\\\/LPE-Hanoi_DSC00757-maternelle-372x300.jpg\",\"datePublished\":\"2024-06-05T15:50:45+00:00\",\"dateModified\":\"2024-06-05T15:50:50+00:00\",\"breadcrumb\":{\"@id\":\"https:\\\/\\\/odyssey.education\\\/en\\\/educational-offer\\\/8189-2\\\/#breadcrumb\"},\"inLanguage\":\"en-US\",\"potentialAction\":[{\"@type\":\"ReadAction\",\"target\":[\"https:\\\/\\\/odyssey.education\\\/en\\\/educational-offer\\\/8189-2\\\/\"]}]},{\"@type\":\"ImageObject\",\"inLanguage\":\"en-US\",\"@id\":\"https:\\\/\\\/odyssey.education\\\/en\\\/educational-offer\\\/8189-2\\\/#primaryimage\",\"url\":\"https:\\\/\\\/odyssey.education\\\/wp-content\\\/uploads\\\/2024\\\/03\\\/LPE-Hanoi_DSC00757-maternelle-372x300.jpg\",\"contentUrl\":\"https:\\\/\\\/odyssey.education\\\/wp-content\\\/uploads\\\/2024\\\/03\\\/LPE-Hanoi_DSC00757-maternelle-372x300.jpg\"},{\"@type\":\"BreadcrumbList\",\"@id\":\"https:\\\/\\\/odyssey.education\\\/en\\\/educational-offer\\\/8189-2\\\/#breadcrumb\",\"itemListElement\":[{\"@type\":\"ListItem\",\"position\":1,\"name\":\"Accueil\",\"item\":\"https:\\\/\\\/odyssey.education\\\/en\\\/\"},{\"@type\":\"ListItem\",\"position\":2,\"name\":\"Educational offer\",\"item\":\"https:\\\/\\\/odyssey.education\\\/en\\\/educational-offer\\\/\"}]},{\"@type\":\"WebSite\",\"@id\":\"https:\\\/\\\/odyssey.education\\\/#website\",\"url\":\"https:\\\/\\\/odyssey.education\\\/\",\"name\":\"ODYSSEY\",\"description\":\"Lyc\u00e9es fran\u00e7ais, International Education\",\"publisher\":{\"@id\":\"https:\\\/\\\/odyssey.education\\\/#organization\"},\"potentialAction\":[{\"@type\":\"SearchAction\",\"target\":{\"@type\":\"EntryPoint\",\"urlTemplate\":\"https:\\\/\\\/odyssey.education\\\/?s={search_term_string}\"},\"query-input\":{\"@type\":\"PropertyValueSpecification\",\"valueRequired\":true,\"valueName\":\"search_term_string\"}}],\"inLanguage\":\"en-US\"},{\"@type\":\"Organization\",\"@id\":\"https:\\\/\\\/odyssey.education\\\/#organization\",\"name\":\"Odyssey\",\"url\":\"https:\\\/\\\/odyssey.education\\\/\",\"logo\":{\"@type\":\"ImageObject\",\"inLanguage\":\"en-US\",\"@id\":\"https:\\\/\\\/odyssey.education\\\/#\\\/schema\\\/logo\\\/image\\\/\",\"url\":\"https:\\\/\\\/odyssey.education\\\/wp-content\\\/uploads\\\/2022\\\/01\\\/logo-2.png\",\"contentUrl\":\"https:\\\/\\\/odyssey.education\\\/wp-content\\\/uploads\\\/2022\\\/01\\\/logo-2.png\",\"width\":278,\"height\":101,\"caption\":\"Odyssey\"},\"image\":{\"@id\":\"https:\\\/\\\/odyssey.education\\\/#\\\/schema\\\/logo\\\/image\\\/\"},\"sameAs\":[\"https:\\\/\\\/www.linkedin.com\\\/company\\\/odyssey-international-sas\\\/\"]}]}<\/script>\n<!-- \/ Yoast SEO plugin. -->","yoast_head_json":{"title":"- ODYSSEY","robots":{"index":"index","follow":"follow","max-snippet":"max-snippet:-1","max-image-preview":"max-image-preview:large","max-video-preview":"max-video-preview:-1"},"canonical":"https:\/\/odyssey.education\/en\/educational-offer\/8189-2\/","og_locale":"en_US","og_type":"article","og_title":"- ODYSSEY","og_description":"Aper\u00e7u g\u00e9n\u00e9ral Cursus Scolaire La maternelle constitue un parcours d\u2019\u00e9veil qui permet \u00e0 l&#8217;enfant de s\u2019ouvrir, de comprendre et d\u2019agir [&hellip;]","og_url":"https:\/\/odyssey.education\/en\/educational-offer\/8189-2\/","og_site_name":"ODYSSEY","article_modified_time":"2024-06-05T15:50:50+00:00","og_image":[{"url":"https:\/\/odyssey.education\/wp-content\/uploads\/2024\/03\/LPE-Hanoi_DSC00757-maternelle-372x300.jpg","type":"","width":"","height":""}],"twitter_card":"summary_large_image","twitter_misc":{"Est. reading time":"5 minutes"},"schema":{"@context":"https:\/\/schema.org","@graph":[{"@type":"WebPage","@id":"https:\/\/odyssey.education\/en\/educational-offer\/8189-2\/","url":"https:\/\/odyssey.education\/en\/educational-offer\/8189-2\/","name":"- ODYSSEY","isPartOf":{"@id":"https:\/\/odyssey.education\/#website"},"primaryImageOfPage":{"@id":"https:\/\/odyssey.education\/en\/educational-offer\/8189-2\/#primaryimage"},"image":{"@id":"https:\/\/odyssey.education\/en\/educational-offer\/8189-2\/#primaryimage"},"thumbnailUrl":"https:\/\/odyssey.education\/wp-content\/uploads\/2024\/03\/LPE-Hanoi_DSC00757-maternelle-372x300.jpg","datePublished":"2024-06-05T15:50:45+00:00","dateModified":"2024-06-05T15:50:50+00:00","breadcrumb":{"@id":"https:\/\/odyssey.education\/en\/educational-offer\/8189-2\/#breadcrumb"},"inLanguage":"en-US","potentialAction":[{"@type":"ReadAction","target":["https:\/\/odyssey.education\/en\/educational-offer\/8189-2\/"]}]},{"@type":"ImageObject","inLanguage":"en-US","@id":"https:\/\/odyssey.education\/en\/educational-offer\/8189-2\/#primaryimage","url":"https:\/\/odyssey.education\/wp-content\/uploads\/2024\/03\/LPE-Hanoi_DSC00757-maternelle-372x300.jpg","contentUrl":"https:\/\/odyssey.education\/wp-content\/uploads\/2024\/03\/LPE-Hanoi_DSC00757-maternelle-372x300.jpg"},{"@type":"BreadcrumbList","@id":"https:\/\/odyssey.education\/en\/educational-offer\/8189-2\/#breadcrumb","itemListElement":[{"@type":"ListItem","position":1,"name":"Accueil","item":"https:\/\/odyssey.education\/en\/"},{"@type":"ListItem","position":2,"name":"Educational offer","item":"https:\/\/odyssey.education\/en\/educational-offer\/"}]},{"@type":"WebSite","@id":"https:\/\/odyssey.education\/#website","url":"https:\/\/odyssey.education\/","name":"ODYSSEY","description":"Lyc\u00e9es fran\u00e7ais, International Education","publisher":{"@id":"https:\/\/odyssey.education\/#organization"},"potentialAction":[{"@type":"SearchAction","target":{"@type":"EntryPoint","urlTemplate":"https:\/\/odyssey.education\/?s={search_term_string}"},"query-input":{"@type":"PropertyValueSpecification","valueRequired":true,"valueName":"search_term_string"}}],"inLanguage":"en-US"},{"@type":"Organization","@id":"https:\/\/odyssey.education\/#organization","name":"Odyssey","url":"https:\/\/odyssey.education\/","logo":{"@type":"ImageObject","inLanguage":"en-US","@id":"https:\/\/odyssey.education\/#\/schema\/logo\/image\/","url":"https:\/\/odyssey.education\/wp-content\/uploads\/2022\/01\/logo-2.png","contentUrl":"https:\/\/odyssey.education\/wp-content\/uploads\/2022\/01\/logo-2.png","width":278,"height":101,"caption":"Odyssey"},"image":{"@id":"https:\/\/odyssey.education\/#\/schema\/logo\/image\/"},"sameAs":["https:\/\/www.linkedin.com\/company\/odyssey-international-sas\/"]}]}},"_links":{"self":[{"href":"https:\/\/odyssey.education\/en\/wp-json\/wp\/v2\/pages\/8189","targetHints":{"allow":["GET"]}}],"collection":[{"href":"https:\/\/odyssey.education\/en\/wp-json\/wp\/v2\/pages"}],"about":[{"href":"https:\/\/odyssey.education\/en\/wp-json\/wp\/v2\/types\/page"}],"author":[{"embeddable":true,"href":"https:\/\/odyssey.education\/en\/wp-json\/wp\/v2\/users\/14"}],"replies":[{"embeddable":true,"href":"https:\/\/odyssey.education\/en\/wp-json\/wp\/v2\/comments?post=8189"}],"version-history":[{"count":3,"href":"https:\/\/odyssey.education\/en\/wp-json\/wp\/v2\/pages\/8189\/revisions"}],"predecessor-version":[{"id":8192,"href":"https:\/\/odyssey.education\/en\/wp-json\/wp\/v2\/pages\/8189\/revisions\/8192"}],"up":[{"embeddable":true,"href":"https:\/\/odyssey.education\/en\/wp-json\/wp\/v2\/pages\/2346"}],"wp:attachment":[{"href":"https:\/\/odyssey.education\/en\/wp-json\/wp\/v2\/media?parent=8189"}],"curies":[{"name":"wp","href":"https:\/\/api.w.org\/{rel}","templated":true}]}}