{"id":2356,"date":"2021-11-30T15:45:19","date_gmt":"2021-11-30T14:45:19","guid":{"rendered":"https:\/\/odyssey.education\/carrieres\/"},"modified":"2025-10-15T12:21:08","modified_gmt":"2025-10-15T10:21:08","slug":"careers","status":"publish","type":"page","link":"https:\/\/odyssey.education\/en\/careers\/","title":{"rendered":"Careers"},"content":{"rendered":"<p>\t\t\t\t<!-- avec ou sans CTA : m\u00eame code, \u00e7a centre verticalement le texte --><\/p>\n<div class=\"smallheader\" id=\"bloc_small_header_7\">\n<style type=\"text\/css\">\n\t\t\t\t\t\t\t#bloc_small_header_7 {background-image: url(https:\/\/odyssey.education\/wp-content\/uploads\/2024\/03\/Saint-Dominique-Hakme-scaled-e1710348319378-610x270.jpg);}\n\t\t\t\t\t\t\t@media (min-width: 480px) {\t#bloc_small_header_7 {background-image: url(https:\/\/odyssey.education\/wp-content\/uploads\/2024\/03\/Saint-Dominique-Hakme-scaled-e1710348319378-610x270.jpg);}}\n\t\t\t\t\t\t\t@media (min-width: 768px) {\t#bloc_small_header_7 {background-image: url(https:\/\/odyssey.education\/wp-content\/uploads\/2024\/03\/Saint-Dominique-Hakme-scaled-e1710348319378-1024x237.jpg);}}\n\t\t\t\t\t\t\t@media (min-width: 992px) { #bloc_small_header_7 {background-image: url(https:\/\/odyssey.education\/wp-content\/uploads\/2024\/03\/Saint-Dominique-Hakme-scaled-e1710348319378-1024x237.jpg);}}\n\t\t\t\t\t\t\t@media (min-width: 1200px) { #bloc_small_header_7 {background-image: url(https:\/\/odyssey.education\/wp-content\/uploads\/2024\/03\/Saint-Dominique-Hakme-scaled-e1710348319378-1536x356.jpg);}}\n\t\t\t\t\t\t<\/style>\n<div class=\"container d-flex flex-column justify-content-center align-items-start\">\n<h1><span>CAREERS<\/span><\/h1>\n<\/p><\/div>\n<\/p><\/div>\n<div class=\"bloctext bloctext--color4 bloctext--haspattern\" id=\"bloc_6_8\">\n<div class=\"container\">\n<div class=\"row\">\n<div class=\"col-12 col-lg-4 col-xl-3 mb-1\">\n<h2><span>ODYSSEY EDUCATION TEAMS<\/span><\/h2>\n<\/p><\/div>\n<div class=\"col-12 col-lg-8 col-xl-9\">\n<div class=\"text pl-lg-4\">\n<p>Odyssey Education employs over 700 teachers and professionals across our 12 schools in Europe, Asia and Africa, all with a passion for education and a rigorous yet modern approach to teaching. We know that our teams are essential for inspiring and supporting our students, as well as building trust with families.<\/p>\n<\/p><\/div>\n<\/p><\/div>\n<\/p><\/div>\n<\/p><\/div>\n<\/div>\n<div class=\"blocstextsicons blocstextsicons--\" id=\"bloc_liste_15_9\" >\n<div class=\"container\">\n<h2><span>TALENTED TEAMS COMMITTED TO STUDENT SUCCESS<\/span><\/h2>\n<\/p>\n<div class=\"row pt-md-2\">\n<div class=\"col-6 col-md-4 mb-3 mb-md-4\">\n<div class=\"bloctexticon\">\n<div class=\"icon\">\n\t\t\t\t\t\t\t<img loading=\"lazy\" decoding=\"async\" class=\"img-fluid\" src=\"https:\/\/odyssey.education\/wp-content\/uploads\/2022\/01\/1.png\" width=\"80\" height=\"80\" alt=\"\">\n\t\t\t\t\t\t<\/div>\n<div>\n<h4>TRAINED AND QUALIFIED TEACHERS<\/h4>\n<p>Our teachers, all different and talented, are selected from all over the world. What they all have in common is that they are qualified professionals with a wealth of experience that they pass on to our students. Regardless of their nationality (French, Anglo-Saxon or any other nationality) or status (permanent or contract teacher), each teacher is valued in the same way and plays an essential role in the school team.<\/p>\n<\/p><\/div>\n<\/p><\/div>\n<\/p><\/div>\n<div class=\"col-6 col-md-4 mb-3 mb-md-4\">\n<div class=\"bloctexticon\">\n<div class=\"icon\">\n\t\t\t\t\t\t\t<img loading=\"lazy\" decoding=\"async\" class=\"img-fluid\" src=\"https:\/\/odyssey.education\/wp-content\/uploads\/2022\/01\/5.png\" width=\"80\" height=\"80\" alt=\"\">\n\t\t\t\t\t\t<\/div>\n<div>\n<h4>CAREER OPPORTUNITIES<\/h4>\n<p>Becoming a teacher within the Odyssey Education Group offers the opportunity to teach, develop professional skills and enjoy unique educational and cultural experiences. Our worldwide commitment offers opportunities for everyone: teacher training, internal promotions, flexible working arrangements, facilitated international mobility, training and promotion to management positions.<\/p>\n<\/p><\/div>\n<\/p><\/div>\n<\/p><\/div>\n<div class=\"col-6 col-md-4 mb-3 mb-md-4\">\n<div class=\"bloctexticon\">\n<div class=\"icon\">\n\t\t\t\t\t\t\t<img loading=\"lazy\" decoding=\"async\" class=\"img-fluid\" src=\"https:\/\/odyssey.education\/wp-content\/uploads\/2022\/01\/2-1.png\" width=\"80\" height=\"80\" alt=\"Enseignants\">\n\t\t\t\t\t\t<\/div>\n<div>\n<h4>OUR ETHICS AS EDUCATORS<\/h4>\n<p>The pursuit of excellence, caring, respect and commitment are at the heart of our values. Odyssey Education expects its teams to live up to these values on a daily basis with their colleagues, students and families. We also carry out thorough reference and background checks on all successful candidates.<\/p>\n<\/p><\/div>\n<\/p><\/div>\n<\/p><\/div>\n<\/p><\/div>\n<\/p><\/div>\n<\/div>\n<div class=\"blocmedia blocmedia--textright blocmedia--nocolor\" id=\"bloc_2_10\">\n<div class=\"container\">\n<div class=\"row\">\n<div class=\"col-12 col-md-6\">\n<div class=\"slider\">\n<div id=\"slider-bloc_2_10\" class=\"flexslider flexslider--blocmedia loading\">\n<ul class=\"slides list-unstyled\">\n<li class=\"slider-li\">\n\t\t\t\t\t\t\t\t\t\t     \t<a data-fancybox=\"rel-slider-bloc_2_10\" data-caption=\"\" href=\"https:\/\/odyssey.education\/wp-content\/uploads\/2024\/03\/DSC00757-maternelle-scaled-e1710349748146-722x564.jpg\"><br \/>\n\t\t\t\t\t\t\t\t\t\t\t\t\t<img decoding=\"async\" class=\"img-fluid\" src=\"https:\/\/odyssey.education\/wp-content\/uploads\/2024\/03\/DSC00757-maternelle-scaled-e1710349748146-722x564.jpg\" width=\"\" height=\"\" alt=\"\"><br \/>\n\t\t\t\t\t\t\t\t\t\t\t\t<\/a>\n\t\t\t\t\t\t\t\t\t\t     <\/li>\n<li class=\"slider-li\">\n\t\t\t\t\t\t\t\t\t\t     \t<a data-fancybox=\"rel-slider-bloc_2_10\" data-caption=\"\" href=\"https:\/\/odyssey.education\/wp-content\/uploads\/2024\/03\/LPE-Singapour_New-premises-15-722x564.jpg\"><br \/>\n\t\t\t\t\t\t\t\t\t\t\t\t\t<img decoding=\"async\" class=\"img-fluid\" src=\"https:\/\/odyssey.education\/wp-content\/uploads\/2024\/03\/LPE-Singapour_New-premises-15-722x564.jpg\" width=\"\" height=\"\" alt=\"\"><br \/>\n\t\t\t\t\t\t\t\t\t\t\t\t<\/a>\n\t\t\t\t\t\t\t\t\t\t     <\/li>\n<li class=\"slider-li\">\n\t\t\t\t\t\t\t\t\t\t     \t<a data-fancybox=\"rel-slider-bloc_2_10\" data-caption=\"\" href=\"https:\/\/odyssey.education\/wp-content\/uploads\/2024\/03\/DSC3593-722x564.jpg\"><br \/>\n\t\t\t\t\t\t\t\t\t\t\t\t\t<img decoding=\"async\" class=\"img-fluid\" src=\"https:\/\/odyssey.education\/wp-content\/uploads\/2024\/03\/DSC3593-722x564.jpg\" width=\"\" height=\"\" alt=\"\"><br \/>\n\t\t\t\t\t\t\t\t\t\t\t\t<\/a>\n\t\t\t\t\t\t\t\t\t\t     <\/li>\n<\/ul><\/div>\n<\/p><\/div>\n<\/p><\/div>\n<div class=\"col-12 col-md-5 d-flex flex-column justify-content-center align-items-start mb-2 mb-md-0\">\n<div class=\"text\">\n<h2><span>JOIN ODYSSEY EDUCATION<\/span><\/h2>\n<p>As an international school education group, Odyssey Education offers great career opportunities on a global scale.<br \/>\nWe are proud of our collective success and the multicultural atmosphere in our schools.<br \/>\nWe celebrate the achievements of our team members and recognise their contributions.<br \/>\nJoin our talent pool!<\/p>\n<p>\t\t\t\t\t\t<!-- Changer la classe de couleur du bouton en fonction de la couleur g\u00e9n\u00e9rale du bloc --><\/p>\n<div class=\"bloc_cta\" ><\/div>\n<\/p><\/div>\n<\/p><\/div>\n<\/p><\/div>\n<\/p><\/div>\n<\/div>\n<div class=\"bloc_ctas bloc_cta container pt-2 pb-2 text-center\" id=\"bloc_ctas_11\">\n<div class=\"btns\">\t<a href=\"https:\/\/odyssey.education\/en\/careers\/school-executive-recruitment\/\" title=\"More information on school executive recruitment\" target=\"\" class=\" ml-1   mr-1  btn btn--color1\">More information on school executive recruitment<\/a> \t<a href=\"https:\/\/odyssey.education\/en\/careers\/recruitment-teaching-administrative-staff\/\" title=\"More information about recruiting teaching and administrative staff\" target=\"\" class=\" ml-1   mr-1  btn btn--color1\">More information about recruiting teaching and administrative staff<\/a> <\/div>\n<\/p><\/div>\n<div class=\"cardscolors cardscolors--nocolor\" id=\"bloc_1_12\">\n<div class=\"container\">\n<h2><span>OFFERS BY SCHOOL<\/span><\/h2>\n<div class=\"row justify-content-center\">\n<div class=\"col-12 col-sm-6 col-lg-3 mb-2\">\n<div class=\"cardcolor d-flex flex-column\">\n\t\t\t\t\t\t\t<img decoding=\"async\" class=\"img-fluid\" src=\"https:\/\/odyssey.education\/wp-content\/uploads\/2021\/12\/EFI-Casablanca-372x300.png\" width=\"\" height=\"\" alt=\"\"><\/p>\n<div class=\"text d-flex flex-column justify-content-center align-self-stretch\">\n<div class=\"title d-flex flex-column justify-content-center\">\n<h4>\u00c9cole Fran\u00e7aise Internationale, Casablanca<\/h4>\n<\/p><\/div>\n<p>\t\t\t\t<a href=\"https:\/\/www.profsdumonde.fr\/etablissement\/ecole-francaise-internationale-casablanca-efi-casablanca\" target=\"\" class=\"link\">Apply<\/a>\n\t\t\t\t\t<\/div>\n<\/p><\/div>\n<\/p><\/div>\n<div class=\"col-12 col-sm-6 col-lg-3 mb-2\">\n<div class=\"cardcolor d-flex flex-column\">\n\t\t\t\t\t\t\t<img decoding=\"async\" class=\"img-fluid\" src=\"https:\/\/odyssey.education\/wp-content\/uploads\/2023\/07\/Campus-Rome@2x-1-372x300.png\" width=\"\" height=\"\" alt=\"lyc\u00e9e francais rome\"><\/p>\n<div class=\"text d-flex flex-column justify-content-center align-self-stretch\">\n<div class=\"title d-flex flex-column justify-content-center\">\n<h4>French International School, Saint-Dominique Rome<\/h4>\n<\/p><\/div>\n<p>\t\t\t\t<a href=\"https:\/\/www.profsdumonde.fr\/etablissement\/institut-saint-dominique-rome\" target=\"\" class=\"link\">Apply<\/a>\n\t\t\t\t\t<\/div>\n<\/p><\/div>\n<\/p><\/div>\n<div class=\"col-12 col-sm-6 col-lg-3 mb-2\">\n<div class=\"cardcolor d-flex flex-column\">\n\t\t\t\t\t\t\t<img decoding=\"async\" class=\"img-fluid\" src=\"https:\/\/odyssey.education\/wp-content\/uploads\/2025\/03\/LFI-Seville-1-372x300.jpeg\" width=\"\" height=\"\" alt=\"\"><\/p>\n<div class=\"text d-flex flex-column justify-content-center align-self-stretch\">\n<div class=\"title d-flex flex-column justify-content-center\">\n<h4>Lyc\u00e9e Fran\u00e7ais International, Sevilla<\/h4>\n<\/p><\/div>\n<\/p><\/div>\n<\/p><\/div>\n<\/p><\/div>\n<div class=\"col-12 col-sm-6 col-lg-3 mb-2\">\n<div class=\"cardcolor d-flex flex-column\">\n\t\t\t\t\t\t\t<img decoding=\"async\" class=\"img-fluid\" src=\"https:\/\/odyssey.education\/wp-content\/uploads\/2024\/02\/LFIA-School-60-372x300.jpg\" width=\"\" height=\"\" alt=\"Lyc\u00e9e Fran\u00e7ais International d'Anvers\"><\/p>\n<div class=\"text d-flex flex-column justify-content-center align-self-stretch\">\n<div class=\"title d-flex flex-column justify-content-center\">\n<h4>Lyc\u00e9e Fran\u00e7ais International, Anvers<\/h4>\n<\/p><\/div>\n<p>\t\t\t\t<a href=\"https:\/\/www.profsdumonde.fr\/etablissement\/lycee-francais-international-danvers\" target=\"\" class=\"link\">Apply<\/a>\n\t\t\t\t\t<\/div>\n<\/p><\/div>\n<\/p><\/div>\n<div class=\"col-12 col-sm-6 col-lg-3 mb-2\">\n<div class=\"cardcolor d-flex flex-column\">\n\t\t\t\t\t\t\t<img decoding=\"async\" class=\"img-fluid\" src=\"https:\/\/odyssey.education\/wp-content\/uploads\/2021\/12\/Etablissement-EFI-Bucarest-372x300.jpg\" width=\"\" height=\"\" alt=\"\"><\/p>\n<div class=\"text d-flex flex-column justify-content-center align-self-stretch\">\n<div class=\"title d-flex flex-column justify-content-center\">\n<h4>\u00c9cole Fran\u00e7aise Internationale, Bucarest<\/h4>\n<\/p><\/div>\n<p>\t\t\t\t<a href=\"https:\/\/www.profsdumonde.fr\/etablissement\/ecole-francaise-internationale-de-bucarest\" target=\"\" class=\"link\">Apply<\/a>\n\t\t\t\t\t<\/div>\n<\/p><\/div>\n<\/p><\/div>\n<div class=\"col-12 col-sm-6 col-lg-3 mb-2\">\n<div class=\"cardcolor d-flex flex-column\">\n\t\t\t\t\t\t\t<img decoding=\"async\" class=\"img-fluid\" src=\"https:\/\/odyssey.education\/wp-content\/uploads\/2021\/12\/13055007_1121068001246943_3748976043435774069_o-372x300.jpeg\" width=\"\" height=\"\" alt=\"\"><\/p>\n<div class=\"text d-flex flex-column justify-content-center align-self-stretch\">\n<div class=\"title d-flex flex-column justify-content-center\">\n<h4>Coll\u00e8ge International Fran\u00e7ais, Sarajevo<\/h4>\n<\/p><\/div>\n<p>\t\t\t\t<a href=\"https:\/\/www.profsdumonde.fr\/etablissement\/college-international-francais-de-sarajevo\" target=\"\" class=\"link\">Apply<\/a>\n\t\t\t\t\t<\/div>\n<\/p><\/div>\n<\/p><\/div>\n<div class=\"col-12 col-sm-6 col-lg-3 mb-2\">\n<div class=\"cardcolor d-flex flex-column\">\n\t\t\t\t\t\t\t<img decoding=\"async\" class=\"img-fluid\" src=\"https:\/\/odyssey.education\/wp-content\/uploads\/2021\/12\/SK_20170809_092547_36321298271-scaled-372x300.jpeg\" width=\"\" height=\"\" alt=\"\"><\/p>\n<div class=\"text d-flex flex-column justify-content-center align-self-stretch\">\n<div class=\"title d-flex flex-column justify-content-center\">\n<h4>\u00c9cole Fran\u00e7aise Internationale, Skopje<\/h4>\n<\/p><\/div>\n<p>\t\t\t\t<a href=\"https:\/\/www.profsdumonde.fr\/etablissement\/ecole-francaise-internationale-de-skopje-mlf\" target=\"\" class=\"link\">Apply<\/a>\n\t\t\t\t\t<\/div>\n<\/p><\/div>\n<\/p><\/div>\n<div class=\"col-12 col-sm-6 col-lg-3 mb-2\">\n<div class=\"cardcolor d-flex flex-column\">\n\t\t\t\t\t\t\t<img decoding=\"async\" class=\"img-fluid\" src=\"https:\/\/odyssey.education\/wp-content\/uploads\/2024\/12\/EFI-Tirana-3-372x300.jpg\" width=\"\" height=\"\" alt=\"\"><\/p>\n<div class=\"text d-flex flex-column justify-content-center align-self-stretch\">\n<div class=\"title d-flex flex-column justify-content-center\">\n<h4>\u00c9cole Fran\u00e7aise Internationale, Tirana<\/h4>\n<\/p><\/div>\n<p>\t\t\t\t<a href=\"https:\/\/www.profsdumonde.fr\/etablissement\/ecole-francaise-internationale-de-tirana\" target=\"\" class=\"link\">Apply<\/a>\n\t\t\t\t\t<\/div>\n<\/p><\/div>\n<\/p><\/div>\n<div class=\"col-12 col-sm-6 col-lg-3 mb-2\">\n<div class=\"cardcolor d-flex flex-column\">\n\t\t\t\t\t\t\t<img decoding=\"async\" class=\"img-fluid\" src=\"https:\/\/odyssey.education\/wp-content\/uploads\/2024\/03\/LPE-Singapour_New-premises-16-372x300.jpg\" width=\"\" height=\"\" alt=\"\"><\/p>\n<div class=\"text d-flex flex-column justify-content-center align-self-stretch\">\n<div class=\"title d-flex flex-column justify-content-center\">\n<h4>La Petite Ecole, Singapour<\/h4>\n<\/p><\/div>\n<p>\t\t\t\t<a href=\"https:\/\/www.profsdumonde.fr\/etablissement\/la-petite-ecole-singapour\" target=\"\" class=\"link\">Apply<\/a>\n\t\t\t\t\t<\/div>\n<\/p><\/div>\n<\/p><\/div>\n<div class=\"col-12 col-sm-6 col-lg-3 mb-2\">\n<div class=\"cardcolor d-flex flex-column\">\n\t\t\t\t\t\t\t<img decoding=\"async\" class=\"img-fluid\" src=\"https:\/\/odyssey.education\/wp-content\/uploads\/2021\/12\/Football-field-scaled-372x300.jpg\" width=\"\" height=\"\" alt=\"\"><\/p>\n<div class=\"text d-flex flex-column justify-content-center align-self-stretch\">\n<div class=\"title d-flex flex-column justify-content-center\">\n<h4>La Petite Ecole, Ho Chi Minh<\/h4>\n<\/p><\/div>\n<p>\t\t\t\t<a href=\"https:\/\/www.profsdumonde.fr\/etablissement\/la-petite-ecole-ho-chi-minh\" target=\"\" class=\"link\">Apply<\/a>\n\t\t\t\t\t<\/div>\n<\/p><\/div>\n<\/p><\/div>\n<div class=\"col-12 col-sm-6 col-lg-3 mb-2\">\n<div class=\"cardcolor d-flex flex-column\">\n\t\t\t\t\t\t\t<img decoding=\"async\" class=\"img-fluid\" src=\"https:\/\/odyssey.education\/wp-content\/uploads\/2024\/02\/LPE-Bangkok-372x300.jpg\" width=\"\" height=\"\" alt=\"\"><\/p>\n<div class=\"text d-flex flex-column justify-content-center align-self-stretch\">\n<div class=\"title d-flex flex-column justify-content-center\">\n<h4>La Petite Ecole, Bangkok<\/h4>\n<\/p><\/div>\n<p>\t\t\t\t<a href=\"https:\/\/www.profsdumonde.fr\/etablissement\/la-petite-ecole-bangkok\" target=\"\" class=\"link\">Apply<\/a>\n\t\t\t\t\t<\/div>\n<\/p><\/div>\n<\/p><\/div>\n<div class=\"col-12 col-sm-6 col-lg-3 mb-2\">\n<div class=\"cardcolor d-flex flex-column\">\n\t\t\t\t\t\t\t<img decoding=\"async\" class=\"img-fluid\" src=\"https:\/\/odyssey.education\/wp-content\/uploads\/2024\/03\/DSC09982-372x300.jpg\" width=\"\" height=\"\" alt=\"La Petite Ecole Hanoi\"><\/p>\n<div class=\"text d-flex flex-column justify-content-center align-self-stretch\">\n<div class=\"title d-flex flex-column justify-content-center\">\n<h4>La Petite Ecole, Hanoi<\/h4>\n<\/p><\/div>\n<p>\t\t\t\t<a href=\"https:\/\/www.profsdumonde.fr\/etablissement\/la-petite-ecole-hanoi\" target=\"\" class=\"link\">Apply<\/a>\n\t\t\t\t\t<\/div>\n<\/p><\/div>\n<\/p><\/div>\n<\/p><\/div>\n<\/p><\/div>\n<\/div>\n","protected":false},"excerpt":{"rendered":"<p>CAREERS ODYSSEY EDUCATION TEAMS Odyssey Education employs over 700 teachers and professionals across our 12 schools in Europe, Asia and [&hellip;]<\/p>\n","protected":false},"author":1,"featured_media":6673,"parent":0,"menu_order":150,"comment_status":"closed","ping_status":"closed","template":"","meta":{"_acf_changed":false,"kdcopypost-origin-url":"","kdcopypost-origin-id":"","footnotes":""},"class_list":["post-2356","page","type-page","status-publish","has-post-thumbnail","hentry"],"acf":[],"yoast_head":"<!-- This site is optimized with the Yoast SEO plugin v27.2 - https:\/\/yoast.com\/product\/yoast-seo-wordpress\/ -->\n<title>Teacher application \/ Position abroad \/ Odyssey Group<\/title>\n<meta name=\"description\" content=\"Vous \u00eates enseignant et avez envie d&#039;une exp\u00e9rience \u00e0 l&#039;\u00e9tranger ? D\u00e9posez votre candidature sur profsdumonde.com\" \/>\n<meta name=\"robots\" content=\"index, follow, max-snippet:-1, max-image-preview:large, max-video-preview:-1\" \/>\n<link rel=\"canonical\" href=\"https:\/\/odyssey.education\/en\/careers\/\" \/>\n<meta property=\"og:locale\" content=\"en_US\" \/>\n<meta property=\"og:type\" content=\"article\" \/>\n<meta property=\"og:title\" content=\"Teacher application \/ Position abroad \/ Odyssey Group\" \/>\n<meta property=\"og:description\" content=\"Vous \u00eates enseignant et avez envie d&#039;une exp\u00e9rience \u00e0 l&#039;\u00e9tranger ? D\u00e9posez votre candidature sur profsdumonde.com\" \/>\n<meta property=\"og:url\" content=\"https:\/\/odyssey.education\/en\/careers\/\" \/>\n<meta property=\"og:site_name\" content=\"ODYSSEY\" \/>\n<meta property=\"article:modified_time\" content=\"2025-10-15T10:21:08+00:00\" \/>\n<meta property=\"og:image\" content=\"https:\/\/odyssey.education\/wp-content\/uploads\/2024\/03\/Saint-Dominique-Hakme-scaled-e1710348319378.jpg\" \/>\n\t<meta property=\"og:image:width\" content=\"2560\" \/>\n\t<meta property=\"og:image:height\" content=\"593\" \/>\n\t<meta property=\"og:image:type\" content=\"image\/jpeg\" \/>\n<meta name=\"twitter:card\" content=\"summary_large_image\" \/>\n<meta name=\"twitter:label1\" content=\"Est. reading time\" \/>\n\t<meta name=\"twitter:data1\" content=\"12 minutes\" \/>\n<script type=\"application\/ld+json\" class=\"yoast-schema-graph\">{\"@context\":\"https:\/\/schema.org\",\"@graph\":[{\"@type\":\"WebPage\",\"@id\":\"https:\/\/odyssey.education\/en\/careers\/\",\"url\":\"https:\/\/odyssey.education\/en\/careers\/\",\"name\":\"Teacher application \/ Position abroad \/ Odyssey Group\",\"isPartOf\":{\"@id\":\"https:\/\/odyssey.education\/#website\"},\"primaryImageOfPage\":{\"@id\":\"https:\/\/odyssey.education\/en\/careers\/#primaryimage\"},\"image\":{\"@id\":\"https:\/\/odyssey.education\/en\/careers\/#primaryimage\"},\"thumbnailUrl\":\"https:\/\/odyssey.education\/wp-content\/uploads\/2024\/03\/Saint-Dominique-Hakme-scaled-e1710348319378.jpg\",\"datePublished\":\"2021-11-30T14:45:19+00:00\",\"dateModified\":\"2025-10-15T10:21:08+00:00\",\"description\":\"Vous \u00eates enseignant et avez envie d'une exp\u00e9rience \u00e0 l'\u00e9tranger ? D\u00e9posez votre candidature sur profsdumonde.com\",\"breadcrumb\":{\"@id\":\"https:\/\/odyssey.education\/en\/careers\/#breadcrumb\"},\"inLanguage\":\"en-US\",\"potentialAction\":[{\"@type\":\"ReadAction\",\"target\":[\"https:\/\/odyssey.education\/en\/careers\/\"]}]},{\"@type\":\"ImageObject\",\"inLanguage\":\"en-US\",\"@id\":\"https:\/\/odyssey.education\/en\/careers\/#primaryimage\",\"url\":\"https:\/\/odyssey.education\/wp-content\/uploads\/2024\/03\/Saint-Dominique-Hakme-scaled-e1710348319378.jpg\",\"contentUrl\":\"https:\/\/odyssey.education\/wp-content\/uploads\/2024\/03\/Saint-Dominique-Hakme-scaled-e1710348319378.jpg\",\"width\":2560,\"height\":593},{\"@type\":\"BreadcrumbList\",\"@id\":\"https:\/\/odyssey.education\/en\/careers\/#breadcrumb\",\"itemListElement\":[{\"@type\":\"ListItem\",\"position\":1,\"name\":\"Accueil\",\"item\":\"https:\/\/odyssey.education\/en\/\"},{\"@type\":\"ListItem\",\"position\":2,\"name\":\"Careers\"}]},{\"@type\":\"WebSite\",\"@id\":\"https:\/\/odyssey.education\/#website\",\"url\":\"https:\/\/odyssey.education\/\",\"name\":\"ODYSSEY\",\"description\":\"Lyc\u00e9es fran\u00e7ais, International Education\",\"publisher\":{\"@id\":\"https:\/\/odyssey.education\/#organization\"},\"potentialAction\":[{\"@type\":\"SearchAction\",\"target\":{\"@type\":\"EntryPoint\",\"urlTemplate\":\"https:\/\/odyssey.education\/?s={search_term_string}\"},\"query-input\":{\"@type\":\"PropertyValueSpecification\",\"valueRequired\":true,\"valueName\":\"search_term_string\"}}],\"inLanguage\":\"en-US\"},{\"@type\":\"Organization\",\"@id\":\"https:\/\/odyssey.education\/#organization\",\"name\":\"Odyssey\",\"url\":\"https:\/\/odyssey.education\/\",\"logo\":{\"@type\":\"ImageObject\",\"inLanguage\":\"en-US\",\"@id\":\"https:\/\/odyssey.education\/#\/schema\/logo\/image\/\",\"url\":\"https:\/\/odyssey.education\/wp-content\/uploads\/2022\/01\/logo-2.png\",\"contentUrl\":\"https:\/\/odyssey.education\/wp-content\/uploads\/2022\/01\/logo-2.png\",\"width\":278,\"height\":101,\"caption\":\"Odyssey\"},\"image\":{\"@id\":\"https:\/\/odyssey.education\/#\/schema\/logo\/image\/\"},\"sameAs\":[\"https:\/\/www.linkedin.com\/company\/odyssey-international-sas\/\"]}]}<\/script>\n<!-- \/ Yoast SEO plugin. -->","yoast_head_json":{"title":"Teacher application \/ Position abroad \/ Odyssey Group","description":"Vous \u00eates enseignant et avez envie d'une exp\u00e9rience \u00e0 l'\u00e9tranger ? D\u00e9posez votre candidature sur profsdumonde.com","robots":{"index":"index","follow":"follow","max-snippet":"max-snippet:-1","max-image-preview":"max-image-preview:large","max-video-preview":"max-video-preview:-1"},"canonical":"https:\/\/odyssey.education\/en\/careers\/","og_locale":"en_US","og_type":"article","og_title":"Teacher application \/ Position abroad \/ Odyssey Group","og_description":"Vous \u00eates enseignant et avez envie d'une exp\u00e9rience \u00e0 l'\u00e9tranger ? D\u00e9posez votre candidature sur profsdumonde.com","og_url":"https:\/\/odyssey.education\/en\/careers\/","og_site_name":"ODYSSEY","article_modified_time":"2025-10-15T10:21:08+00:00","og_image":[{"width":2560,"height":593,"url":"https:\/\/odyssey.education\/wp-content\/uploads\/2024\/03\/Saint-Dominique-Hakme-scaled-e1710348319378.jpg","type":"image\/jpeg"}],"twitter_card":"summary_large_image","twitter_misc":{"Est. reading time":"12 minutes"},"schema":{"@context":"https:\/\/schema.org","@graph":[{"@type":"WebPage","@id":"https:\/\/odyssey.education\/en\/careers\/","url":"https:\/\/odyssey.education\/en\/careers\/","name":"Teacher application \/ Position abroad \/ Odyssey Group","isPartOf":{"@id":"https:\/\/odyssey.education\/#website"},"primaryImageOfPage":{"@id":"https:\/\/odyssey.education\/en\/careers\/#primaryimage"},"image":{"@id":"https:\/\/odyssey.education\/en\/careers\/#primaryimage"},"thumbnailUrl":"https:\/\/odyssey.education\/wp-content\/uploads\/2024\/03\/Saint-Dominique-Hakme-scaled-e1710348319378.jpg","datePublished":"2021-11-30T14:45:19+00:00","dateModified":"2025-10-15T10:21:08+00:00","description":"Vous \u00eates enseignant et avez envie d'une exp\u00e9rience \u00e0 l'\u00e9tranger ? D\u00e9posez votre candidature sur profsdumonde.com","breadcrumb":{"@id":"https:\/\/odyssey.education\/en\/careers\/#breadcrumb"},"inLanguage":"en-US","potentialAction":[{"@type":"ReadAction","target":["https:\/\/odyssey.education\/en\/careers\/"]}]},{"@type":"ImageObject","inLanguage":"en-US","@id":"https:\/\/odyssey.education\/en\/careers\/#primaryimage","url":"https:\/\/odyssey.education\/wp-content\/uploads\/2024\/03\/Saint-Dominique-Hakme-scaled-e1710348319378.jpg","contentUrl":"https:\/\/odyssey.education\/wp-content\/uploads\/2024\/03\/Saint-Dominique-Hakme-scaled-e1710348319378.jpg","width":2560,"height":593},{"@type":"BreadcrumbList","@id":"https:\/\/odyssey.education\/en\/careers\/#breadcrumb","itemListElement":[{"@type":"ListItem","position":1,"name":"Accueil","item":"https:\/\/odyssey.education\/en\/"},{"@type":"ListItem","position":2,"name":"Careers"}]},{"@type":"WebSite","@id":"https:\/\/odyssey.education\/#website","url":"https:\/\/odyssey.education\/","name":"ODYSSEY","description":"Lyc\u00e9es fran\u00e7ais, International Education","publisher":{"@id":"https:\/\/odyssey.education\/#organization"},"potentialAction":[{"@type":"SearchAction","target":{"@type":"EntryPoint","urlTemplate":"https:\/\/odyssey.education\/?s={search_term_string}"},"query-input":{"@type":"PropertyValueSpecification","valueRequired":true,"valueName":"search_term_string"}}],"inLanguage":"en-US"},{"@type":"Organization","@id":"https:\/\/odyssey.education\/#organization","name":"Odyssey","url":"https:\/\/odyssey.education\/","logo":{"@type":"ImageObject","inLanguage":"en-US","@id":"https:\/\/odyssey.education\/#\/schema\/logo\/image\/","url":"https:\/\/odyssey.education\/wp-content\/uploads\/2022\/01\/logo-2.png","contentUrl":"https:\/\/odyssey.education\/wp-content\/uploads\/2022\/01\/logo-2.png","width":278,"height":101,"caption":"Odyssey"},"image":{"@id":"https:\/\/odyssey.education\/#\/schema\/logo\/image\/"},"sameAs":["https:\/\/www.linkedin.com\/company\/odyssey-international-sas\/"]}]}},"_links":{"self":[{"href":"https:\/\/odyssey.education\/en\/wp-json\/wp\/v2\/pages\/2356","targetHints":{"allow":["GET"]}}],"collection":[{"href":"https:\/\/odyssey.education\/en\/wp-json\/wp\/v2\/pages"}],"about":[{"href":"https:\/\/odyssey.education\/en\/wp-json\/wp\/v2\/types\/page"}],"author":[{"embeddable":true,"href":"https:\/\/odyssey.education\/en\/wp-json\/wp\/v2\/users\/1"}],"replies":[{"embeddable":true,"href":"https:\/\/odyssey.education\/en\/wp-json\/wp\/v2\/comments?post=2356"}],"version-history":[{"count":33,"href":"https:\/\/odyssey.education\/en\/wp-json\/wp\/v2\/pages\/2356\/revisions"}],"predecessor-version":[{"id":10858,"href":"https:\/\/odyssey.education\/en\/wp-json\/wp\/v2\/pages\/2356\/revisions\/10858"}],"wp:featuredmedia":[{"embeddable":true,"href":"https:\/\/odyssey.education\/en\/wp-json\/wp\/v2\/media\/6673"}],"wp:attachment":[{"href":"https:\/\/odyssey.education\/en\/wp-json\/wp\/v2\/media?parent=2356"}],"curies":[{"name":"wp","href":"https:\/\/api.w.org\/{rel}","templated":true}]}}