{"id":2346,"date":"2021-11-30T15:44:31","date_gmt":"2021-11-30T14:44:31","guid":{"rendered":"https:\/\/odyssey.education\/offre-pedagogique\/"},"modified":"2024-04-03T19:13:57","modified_gmt":"2024-04-03T17:13:57","slug":"educational-offer","status":"publish","type":"page","link":"https:\/\/odyssey.education\/en\/educational-offer\/","title":{"rendered":"Educational offer"},"content":{"rendered":"<p>\t\t\t\t<!-- avec ou sans CTA : m\u00eame code, \u00e7a centre verticalement le texte --><\/p>\n<div class=\"smallheader\" id=\"bloc_small_header_8\">\n<style type=\"text\/css\">\n\t\t\t\t\t\t\t#bloc_small_header_8 {background-image: url(https:\/\/odyssey.education\/wp-content\/uploads\/2021\/12\/SAINT_PETERSBOURG@2x-1-610x270.png);}\n\t\t\t\t\t\t\t@media (min-width: 480px) {\t#bloc_small_header_8 {background-image: url(https:\/\/odyssey.education\/wp-content\/uploads\/2021\/12\/SAINT_PETERSBOURG@2x-1-610x270.png);}}\n\t\t\t\t\t\t\t@media (min-width: 768px) {\t#bloc_small_header_8 {background-image: url(https:\/\/odyssey.education\/wp-content\/uploads\/2021\/12\/SAINT_PETERSBOURG@2x-1-1024x214.png);}}\n\t\t\t\t\t\t\t@media (min-width: 992px) { #bloc_small_header_8 {background-image: url(https:\/\/odyssey.education\/wp-content\/uploads\/2021\/12\/SAINT_PETERSBOURG@2x-1-1024x214.png);}}\n\t\t\t\t\t\t\t@media (min-width: 1200px) { #bloc_small_header_8 {background-image: url(https:\/\/odyssey.education\/wp-content\/uploads\/2021\/12\/SAINT_PETERSBOURG@2x-1-1536x322.png);}}\n\t\t\t\t\t\t<\/style>\n<div class=\"container d-flex flex-column justify-content-center align-items-start\">\n<h1><span>EDUCATIONAL OFFER<\/span><\/h1>\n<p>French educational excellence combined with the strengths of international education.<\/p>\n<\/p><\/div>\n<\/p><\/div>\n<div class=\"bloctext bloctext--nocolor bloctext--haspattern\" id=\"bloc_6_9\">\n<div class=\"container\">\n<div class=\"row\">\n<div class=\"col-12 col-lg-4 col-xl-3 mb-1\">\n<h2><span>OUR EDUCATIONAL PROMISE<\/span><\/h2>\n<\/p><\/div>\n<div class=\"col-12 col-lg-8 col-xl-9\">\n<div class=\"text pl-lg-4\">\n<p>Odyssey provides our students with an education combining the \u201cbest of both worlds\u201d, an education bringing together French educational excellence with the strengths of an international education. This comprehensive offering allows our students to express their full potential.<\/p>\n<p>Our teachers utilise methods whose common thread is personalisation and active pedagogy. Differentiated pedagogies place our students at the heart of learning, and our teachers work not only on developing specific disciplinary skills, but also on essential qualities such as cooperation, self-confidence, creativity and communication.<\/p>\n<\/p><\/div>\n<\/p><\/div>\n<\/p><\/div>\n<\/p><\/div>\n<\/div>\n<div class=\"bloc_ctas bloc_cta container pt-2 pb-2 text-right\" id=\"bloc_ctas_10\">\n<div class=\"btns\">\t<a href=\"https:\/\/odyssey.education\/en\/our-schools\/\" title=\"All of our schools\" target=\"\" class=\" ml-1   mr-1  btn btn--color1\" rel=\"noopener\">All of our schools<\/a> <\/div>\n<\/p><\/div>\n<div class=\"cardscolors cardscolors--color4\" id=\"bloc_1_11\">\n<div class=\"container\">\n<h2><span>EDUCATIONAL PROVISION<\/span><\/h2>\n<div class=\"row justify-content-center\">\n<div class=\"col-12 col-sm-6 col-lg-3 mb-2\">\n<div class=\"cardcolor d-flex flex-column\">\n\t\t\t\t\t\t\t<img decoding=\"async\" class=\"img-fluid\" src=\"https:\/\/odyssey.education\/wp-content\/uploads\/2024\/03\/LPE-Hanoi_DSC00570-372x300.jpg\" width=\"\" height=\"\" alt=\"\"><\/p>\n<div class=\"text d-flex flex-column justify-content-center align-self-stretch\">\n<div class=\"title d-flex flex-column justify-content-center\">\n<h4>Nursery school<\/h4>\n<\/p><\/div>\n<p>is a journey of awakening, <br \/>\nallowing children to open up, <br \/>\nto understand, and to act in the world.<\/p>\n<p>\t\t\t\t<a href=\"https:\/\/odyssey.education\/en\/our-schools\/\" target=\"\" class=\"link\" rel=\"noopener\">Our schools<\/a>\n\t\t\t\t\t<\/div>\n<\/p><\/div>\n<\/p><\/div>\n<div class=\"col-12 col-sm-6 col-lg-3 mb-2\">\n<div class=\"cardcolor d-flex flex-column\">\n\t\t\t\t\t\t\t<img decoding=\"async\" class=\"img-fluid\" src=\"https:\/\/odyssey.education\/wp-content\/uploads\/2024\/03\/LPE-Singapour_New-premises-9-372x300.jpg\" width=\"\" height=\"\" alt=\"\"><\/p>\n<div class=\"text d-flex flex-column justify-content-center align-self-stretch\">\n<div class=\"title d-flex flex-column justify-content-center\">\n<h4>Primary school<\/h4>\n<\/p><\/div>\n<p>sets students on a journey <br \/>\nof discovery, learning <br \/>\na common base: knowledge, culture&#8230;<\/p>\n<p>\t\t\t\t<a href=\"https:\/\/odyssey.education\/en\/niveau\/primary-school\/\" target=\"\" class=\"link\" rel=\"noopener\">Our schools<\/a>\n\t\t\t\t\t<\/div>\n<\/p><\/div>\n<\/p><\/div>\n<div class=\"col-12 col-sm-6 col-lg-3 mb-2\">\n<div class=\"cardcolor d-flex flex-column\">\n\t\t\t\t\t\t\t<img decoding=\"async\" class=\"img-fluid\" src=\"https:\/\/odyssey.education\/wp-content\/uploads\/2024\/04\/ISD_College_164-372x300.jpg\" width=\"\" height=\"\" alt=\"\"><\/p>\n<div class=\"text d-flex flex-column justify-content-center align-self-stretch\">\n<div class=\"title d-flex flex-column justify-content-center\">\n<h4>Secondary school<\/h4>\n<\/p><\/div>\n<p>consolidates acquired knowledge, so as to allow students to develop their skills in the different disciplines.<\/p>\n<p>\t\t\t\t<a href=\"https:\/\/odyssey.education\/en\/niveau\/secondary-school\/\" target=\"\" class=\"link\" rel=\"noopener\">Our schools<\/a>\n\t\t\t\t\t<\/div>\n<\/p><\/div>\n<\/p><\/div>\n<div class=\"col-12 col-sm-6 col-lg-3 mb-2\">\n<div class=\"cardcolor d-flex flex-column\">\n\t\t\t\t\t\t\t<img decoding=\"async\" class=\"img-fluid\" src=\"https:\/\/odyssey.education\/wp-content\/uploads\/2024\/04\/ISD_Lycee_336-372x300.jpg\" width=\"\" height=\"\" alt=\"\"><\/p>\n<div class=\"text d-flex flex-column justify-content-center align-self-stretch\">\n<div class=\"title d-flex flex-column justify-content-center\">\n<h4>Sixth form<\/h4>\n<\/p><\/div>\n<p>consists of 3 years of action <br \/>\nand orientation, in order to prepare students for their future educational careers.<\/p>\n<p>\t\t\t\t<a href=\"https:\/\/odyssey.education\/en\/niveau\/sixth-form\/\" target=\"\" class=\"link\" rel=\"noopener\">Our schools<\/a>\n\t\t\t\t\t<\/div>\n<\/p><\/div>\n<\/p><\/div>\n<\/p><\/div>\n<\/p><\/div>\n<\/div>\n<div class=\"bloctext bloctext--color1 bloctext--haspattern\" id=\"bloc_6_12\">\n<div class=\"container\">\n<div class=\"row\">\n<div class=\"col-12 col-lg-4 col-xl-3 mb-1\">\n<h2><span>EDUCATIONAL EXCELLENCE<\/span><\/h2>\n<\/p><\/div>\n<div class=\"col-12 col-lg-8 col-xl-9\">\n<div class=\"text pl-lg-4\">\n<p>The promise of education is the intangible and material benefits that a school is committed to providing to every member of its community. Academic and human training, learning how to learn, community spirit\u2026 These are the ingredients that produce excellence in education and a life-changing experience.<\/p>\n<\/p><\/div>\n<\/p><\/div>\n<\/p><\/div>\n<\/p><\/div>\n<\/div>\n<div class=\"blocsrounds blocsrounds--style1 \" id=\"bloc_4_13\">\n<div class=\"container text-center\">\n<h2><span>OUR 5 COMMITMENTS<\/span><\/h2>\n<div class=\"row\">\n<div class=\"col-6 col-md-4 mb-2\">\n<div class=\"blocround\">\n\t\t\t\t\t\t<img decoding=\"async\" class=\"img-fluid\" src=\"https:\/\/odyssey.education\/wp-content\/uploads\/2021\/12\/classe-nume\u0301rique-EFI-Bruxelles-scaled-284x284.jpg\" width=\"\" height=\"\" alt=\"\u00e9colier sur tablette tactile\"><\/p>\n<div class=\"text\">\n<h4>A French and international<\/h4>\n<p>education.<\/p>\n<\/p><\/div>\n<\/p><\/div>\n<\/p><\/div>\n<div class=\"col-6 col-md-4 mb-2\">\n<div class=\"blocround\">\n\t\t\t\t\t\t<img decoding=\"async\" class=\"img-fluid\" src=\"https:\/\/odyssey.education\/wp-content\/uploads\/2021\/12\/0094-scaled-284x284.jpg\" width=\"\" height=\"\" alt=\"\u00e9coliers en classe\"><\/p>\n<div class=\"text\">\n<h4>Training in<\/h4>\n<p>academic and human excellence.<\/p>\n<\/p><\/div>\n<\/p><\/div>\n<\/p><\/div>\n<div class=\"col-6 col-md-4 mb-2\">\n<div class=\"blocround\">\n\t\t\t\t\t\t<img decoding=\"async\" class=\"img-fluid\" src=\"https:\/\/odyssey.education\/wp-content\/uploads\/2024\/04\/ISD_Lycee_262-284x284.jpg\" width=\"\" height=\"\" alt=\"\"><\/p>\n<div class=\"text\">\n<h4>Talented teachers<\/h4>\n<p>committed to their students\u2019 success.<\/p>\n<\/p><\/div>\n<\/p><\/div>\n<\/p><\/div>\n<div class=\"col-6 col-md-4 mb-2\">\n<div class=\"blocround\">\n\t\t\t\t\t\t<img decoding=\"async\" class=\"img-fluid\" src=\"https:\/\/odyssey.education\/wp-content\/uploads\/2024\/03\/LPE-Singapour_New-premises-12-284x284.jpg\" width=\"\" height=\"\" alt=\"\"><\/p>\n<div class=\"text\">\n<h4>Personalised and proactive<\/h4>\n<p>teaching.<\/p>\n<\/p><\/div>\n<\/p><\/div>\n<\/p><\/div>\n<div class=\"col-6 col-md-4 mb-2\">\n<div class=\"blocround\">\n\t\t\t\t\t\t<img decoding=\"async\" class=\"img-fluid\" src=\"https:\/\/odyssey.education\/wp-content\/uploads\/2024\/03\/LPE-Hanoi_DSC00680-284x284.jpg\" width=\"\" height=\"\" alt=\"\"><\/p>\n<div class=\"text\">\n<h4>A fulfilling environment<\/h4>\n<p>and a genuine community.<\/p>\n<\/p><\/div>\n<\/p><\/div>\n<\/p><\/div>\n<\/p><\/div>\n<\/p><\/div>\n<\/div>\n<div class=\"blocinfo blocinfo--color1\" id=\"bloc_10_14\">\n<div class=\"container\">\n<div class=\"row\">\n<div class=\"col-12 col-md-6\">\n<h2><span>Do you need further information?<\/span><\/h2>\n<p>We\u2019re always available to help you find the best school for your child.<\/p>\n<p>\t\t\t\t<!-- Changer la classe de couleur du bouton en fonction de la couleur g\u00e9n\u00e9rale du bloc --><\/p>\n<div class=\"bloc_cta\" >\n\t<a href=\"https:\/\/odyssey.education\/en\/contact-us\/\" title=\"Contact us\" target=\"\" class=\"mr-3 btn btn--color1\" rel=\"noopener\">Contact us<\/a> \t\t\t\t<\/div>\n<\/p><\/div>\n<\/p><\/div>\n<\/p><\/div>\n<\/div>\n","protected":false},"excerpt":{"rendered":"<p>EDUCATIONAL OFFER French educational excellence combined with the strengths of international education. OUR EDUCATIONAL PROMISE Odyssey provides our students with [&hellip;]<\/p>\n","protected":false},"author":1,"featured_media":0,"parent":0,"menu_order":80,"comment_status":"closed","ping_status":"closed","template":"","meta":{"_acf_changed":false,"kdcopypost-origin-url":"","kdcopypost-origin-id":"","footnotes":""},"class_list":["post-2346","page","type-page","status-publish","hentry"],"acf":[],"yoast_head":"<!-- This site is optimized with the Yoast SEO plugin v27.2 - https:\/\/yoast.com\/product\/yoast-seo-wordpress\/ -->\n<title>Our educational offer \/ International education \/ Groupe Odyssey<\/title>\n<meta name=\"description\" content=\"Une scolarit\u00e9 d&#039;excellence pour votre enfant. Maternelle, \u00e9l\u00e9mentaire, coll\u00e8ge et lyc\u00e9e. Offre p\u00e9dagogique.\" \/>\n<meta name=\"robots\" content=\"index, follow, max-snippet:-1, max-image-preview:large, max-video-preview:-1\" \/>\n<link rel=\"canonical\" href=\"https:\/\/odyssey.education\/en\/educational-offer\/\" \/>\n<meta property=\"og:locale\" content=\"en_US\" \/>\n<meta property=\"og:type\" content=\"article\" \/>\n<meta property=\"og:title\" content=\"Our educational offer \/ International education \/ Groupe Odyssey\" \/>\n<meta property=\"og:description\" content=\"Une scolarit\u00e9 d&#039;excellence pour votre enfant. Maternelle, \u00e9l\u00e9mentaire, coll\u00e8ge et lyc\u00e9e. Offre p\u00e9dagogique.\" \/>\n<meta property=\"og:url\" content=\"https:\/\/odyssey.education\/en\/educational-offer\/\" \/>\n<meta property=\"og:site_name\" content=\"ODYSSEY\" \/>\n<meta property=\"article:modified_time\" content=\"2024-04-03T17:13:57+00:00\" \/>\n<meta property=\"og:image\" content=\"https:\/\/odyssey.education\/wp-content\/uploads\/2024\/03\/LPE-Hanoi_DSC00570-372x300.jpg\" \/>\n<meta name=\"twitter:card\" content=\"summary_large_image\" \/>\n<meta name=\"twitter:label1\" content=\"Est. reading time\" \/>\n\t<meta name=\"twitter:data1\" content=\"4 minutes\" \/>\n<script type=\"application\/ld+json\" class=\"yoast-schema-graph\">{\"@context\":\"https:\/\/schema.org\",\"@graph\":[{\"@type\":\"WebPage\",\"@id\":\"https:\/\/odyssey.education\/en\/educational-offer\/\",\"url\":\"https:\/\/odyssey.education\/en\/educational-offer\/\",\"name\":\"Our educational offer \/ International education \/ Groupe Odyssey\",\"isPartOf\":{\"@id\":\"https:\/\/odyssey.education\/#website\"},\"primaryImageOfPage\":{\"@id\":\"https:\/\/odyssey.education\/en\/educational-offer\/#primaryimage\"},\"image\":{\"@id\":\"https:\/\/odyssey.education\/en\/educational-offer\/#primaryimage\"},\"thumbnailUrl\":\"https:\/\/odyssey.education\/wp-content\/uploads\/2024\/03\/LPE-Hanoi_DSC00570-372x300.jpg\",\"datePublished\":\"2021-11-30T14:44:31+00:00\",\"dateModified\":\"2024-04-03T17:13:57+00:00\",\"description\":\"Une scolarit\u00e9 d'excellence pour votre enfant. Maternelle, \u00e9l\u00e9mentaire, coll\u00e8ge et lyc\u00e9e. Offre p\u00e9dagogique.\",\"breadcrumb\":{\"@id\":\"https:\/\/odyssey.education\/en\/educational-offer\/#breadcrumb\"},\"inLanguage\":\"en-US\",\"potentialAction\":[{\"@type\":\"ReadAction\",\"target\":[\"https:\/\/odyssey.education\/en\/educational-offer\/\"]}]},{\"@type\":\"ImageObject\",\"inLanguage\":\"en-US\",\"@id\":\"https:\/\/odyssey.education\/en\/educational-offer\/#primaryimage\",\"url\":\"https:\/\/odyssey.education\/wp-content\/uploads\/2024\/03\/LPE-Hanoi_DSC00570-372x300.jpg\",\"contentUrl\":\"https:\/\/odyssey.education\/wp-content\/uploads\/2024\/03\/LPE-Hanoi_DSC00570-372x300.jpg\"},{\"@type\":\"BreadcrumbList\",\"@id\":\"https:\/\/odyssey.education\/en\/educational-offer\/#breadcrumb\",\"itemListElement\":[{\"@type\":\"ListItem\",\"position\":1,\"name\":\"Accueil\",\"item\":\"https:\/\/odyssey.education\/en\/\"},{\"@type\":\"ListItem\",\"position\":2,\"name\":\"Educational offer\"}]},{\"@type\":\"WebSite\",\"@id\":\"https:\/\/odyssey.education\/#website\",\"url\":\"https:\/\/odyssey.education\/\",\"name\":\"ODYSSEY\",\"description\":\"Lyc\u00e9es fran\u00e7ais, International Education\",\"publisher\":{\"@id\":\"https:\/\/odyssey.education\/#organization\"},\"potentialAction\":[{\"@type\":\"SearchAction\",\"target\":{\"@type\":\"EntryPoint\",\"urlTemplate\":\"https:\/\/odyssey.education\/?s={search_term_string}\"},\"query-input\":{\"@type\":\"PropertyValueSpecification\",\"valueRequired\":true,\"valueName\":\"search_term_string\"}}],\"inLanguage\":\"en-US\"},{\"@type\":\"Organization\",\"@id\":\"https:\/\/odyssey.education\/#organization\",\"name\":\"Odyssey\",\"url\":\"https:\/\/odyssey.education\/\",\"logo\":{\"@type\":\"ImageObject\",\"inLanguage\":\"en-US\",\"@id\":\"https:\/\/odyssey.education\/#\/schema\/logo\/image\/\",\"url\":\"https:\/\/odyssey.education\/wp-content\/uploads\/2022\/01\/logo-2.png\",\"contentUrl\":\"https:\/\/odyssey.education\/wp-content\/uploads\/2022\/01\/logo-2.png\",\"width\":278,\"height\":101,\"caption\":\"Odyssey\"},\"image\":{\"@id\":\"https:\/\/odyssey.education\/#\/schema\/logo\/image\/\"},\"sameAs\":[\"https:\/\/www.linkedin.com\/company\/odyssey-international-sas\/\"]}]}<\/script>\n<!-- \/ Yoast SEO plugin. -->","yoast_head_json":{"title":"Our educational offer \/ International education \/ Groupe Odyssey","description":"Une scolarit\u00e9 d'excellence pour votre enfant. Maternelle, \u00e9l\u00e9mentaire, coll\u00e8ge et lyc\u00e9e. Offre p\u00e9dagogique.","robots":{"index":"index","follow":"follow","max-snippet":"max-snippet:-1","max-image-preview":"max-image-preview:large","max-video-preview":"max-video-preview:-1"},"canonical":"https:\/\/odyssey.education\/en\/educational-offer\/","og_locale":"en_US","og_type":"article","og_title":"Our educational offer \/ International education \/ Groupe Odyssey","og_description":"Une scolarit\u00e9 d'excellence pour votre enfant. Maternelle, \u00e9l\u00e9mentaire, coll\u00e8ge et lyc\u00e9e. Offre p\u00e9dagogique.","og_url":"https:\/\/odyssey.education\/en\/educational-offer\/","og_site_name":"ODYSSEY","article_modified_time":"2024-04-03T17:13:57+00:00","og_image":[{"url":"https:\/\/odyssey.education\/wp-content\/uploads\/2024\/03\/LPE-Hanoi_DSC00570-372x300.jpg","type":"","width":"","height":""}],"twitter_card":"summary_large_image","twitter_misc":{"Est. reading time":"4 minutes"},"schema":{"@context":"https:\/\/schema.org","@graph":[{"@type":"WebPage","@id":"https:\/\/odyssey.education\/en\/educational-offer\/","url":"https:\/\/odyssey.education\/en\/educational-offer\/","name":"Our educational offer \/ International education \/ Groupe Odyssey","isPartOf":{"@id":"https:\/\/odyssey.education\/#website"},"primaryImageOfPage":{"@id":"https:\/\/odyssey.education\/en\/educational-offer\/#primaryimage"},"image":{"@id":"https:\/\/odyssey.education\/en\/educational-offer\/#primaryimage"},"thumbnailUrl":"https:\/\/odyssey.education\/wp-content\/uploads\/2024\/03\/LPE-Hanoi_DSC00570-372x300.jpg","datePublished":"2021-11-30T14:44:31+00:00","dateModified":"2024-04-03T17:13:57+00:00","description":"Une scolarit\u00e9 d'excellence pour votre enfant. Maternelle, \u00e9l\u00e9mentaire, coll\u00e8ge et lyc\u00e9e. Offre p\u00e9dagogique.","breadcrumb":{"@id":"https:\/\/odyssey.education\/en\/educational-offer\/#breadcrumb"},"inLanguage":"en-US","potentialAction":[{"@type":"ReadAction","target":["https:\/\/odyssey.education\/en\/educational-offer\/"]}]},{"@type":"ImageObject","inLanguage":"en-US","@id":"https:\/\/odyssey.education\/en\/educational-offer\/#primaryimage","url":"https:\/\/odyssey.education\/wp-content\/uploads\/2024\/03\/LPE-Hanoi_DSC00570-372x300.jpg","contentUrl":"https:\/\/odyssey.education\/wp-content\/uploads\/2024\/03\/LPE-Hanoi_DSC00570-372x300.jpg"},{"@type":"BreadcrumbList","@id":"https:\/\/odyssey.education\/en\/educational-offer\/#breadcrumb","itemListElement":[{"@type":"ListItem","position":1,"name":"Accueil","item":"https:\/\/odyssey.education\/en\/"},{"@type":"ListItem","position":2,"name":"Educational offer"}]},{"@type":"WebSite","@id":"https:\/\/odyssey.education\/#website","url":"https:\/\/odyssey.education\/","name":"ODYSSEY","description":"Lyc\u00e9es fran\u00e7ais, International Education","publisher":{"@id":"https:\/\/odyssey.education\/#organization"},"potentialAction":[{"@type":"SearchAction","target":{"@type":"EntryPoint","urlTemplate":"https:\/\/odyssey.education\/?s={search_term_string}"},"query-input":{"@type":"PropertyValueSpecification","valueRequired":true,"valueName":"search_term_string"}}],"inLanguage":"en-US"},{"@type":"Organization","@id":"https:\/\/odyssey.education\/#organization","name":"Odyssey","url":"https:\/\/odyssey.education\/","logo":{"@type":"ImageObject","inLanguage":"en-US","@id":"https:\/\/odyssey.education\/#\/schema\/logo\/image\/","url":"https:\/\/odyssey.education\/wp-content\/uploads\/2022\/01\/logo-2.png","contentUrl":"https:\/\/odyssey.education\/wp-content\/uploads\/2022\/01\/logo-2.png","width":278,"height":101,"caption":"Odyssey"},"image":{"@id":"https:\/\/odyssey.education\/#\/schema\/logo\/image\/"},"sameAs":["https:\/\/www.linkedin.com\/company\/odyssey-international-sas\/"]}]}},"_links":{"self":[{"href":"https:\/\/odyssey.education\/en\/wp-json\/wp\/v2\/pages\/2346","targetHints":{"allow":["GET"]}}],"collection":[{"href":"https:\/\/odyssey.education\/en\/wp-json\/wp\/v2\/pages"}],"about":[{"href":"https:\/\/odyssey.education\/en\/wp-json\/wp\/v2\/types\/page"}],"author":[{"embeddable":true,"href":"https:\/\/odyssey.education\/en\/wp-json\/wp\/v2\/users\/1"}],"replies":[{"embeddable":true,"href":"https:\/\/odyssey.education\/en\/wp-json\/wp\/v2\/comments?post=2346"}],"version-history":[{"count":9,"href":"https:\/\/odyssey.education\/en\/wp-json\/wp\/v2\/pages\/2346\/revisions"}],"predecessor-version":[{"id":7483,"href":"https:\/\/odyssey.education\/en\/wp-json\/wp\/v2\/pages\/2346\/revisions\/7483"}],"wp:attachment":[{"href":"https:\/\/odyssey.education\/en\/wp-json\/wp\/v2\/media?parent=2346"}],"curies":[{"name":"wp","href":"https:\/\/api.w.org\/{rel}","templated":true}]}}