{"id":2342,"date":"2021-11-30T15:43:56","date_gmt":"2021-11-30T14:43:56","guid":{"rendered":"https:\/\/odyssey.education\/nos-etablissements\/"},"modified":"2025-10-30T16:35:43","modified_gmt":"2025-10-30T15:35:43","slug":"our-schools","status":"publish","type":"page","link":"https:\/\/odyssey.education\/en\/our-schools\/","title":{"rendered":"Our schools"},"content":{"rendered":"<p>\t\t\t\t<!-- avec ou sans CTA : m\u00eame code, \u00e7a centre verticalement le texte --><\/p>\n<div class=\"smallheader\" id=\"bloc_small_header_5\">\n<style type=\"text\/css\">\n\t\t\t\t\t\t\t#bloc_small_header_5 {background-image: url(https:\/\/odyssey.education\/wp-content\/uploads\/2021\/12\/VISUEL_BIS-8@2x-610x270.png);}\n\t\t\t\t\t\t\t@media (min-width: 480px) {\t#bloc_small_header_5 {background-image: url(https:\/\/odyssey.education\/wp-content\/uploads\/2021\/12\/VISUEL_BIS-8@2x-610x270.png);}}\n\t\t\t\t\t\t\t@media (min-width: 768px) {\t#bloc_small_header_5 {background-image: url(https:\/\/odyssey.education\/wp-content\/uploads\/2021\/12\/VISUEL_BIS-8@2x-1024x214.png);}}\n\t\t\t\t\t\t\t@media (min-width: 992px) { #bloc_small_header_5 {background-image: url(https:\/\/odyssey.education\/wp-content\/uploads\/2021\/12\/VISUEL_BIS-8@2x-1024x214.png);}}\n\t\t\t\t\t\t\t@media (min-width: 1200px) { #bloc_small_header_5 {background-image: url(https:\/\/odyssey.education\/wp-content\/uploads\/2021\/12\/VISUEL_BIS-8@2x-1536x322.png);}}\n\t\t\t\t\t\t<\/style>\n<div class=\"container d-flex flex-column justify-content-center align-items-start\">\n<h1><span>OUR SCHOOLS<\/span><\/h1>\n<p>Find out about our schools dedicated to French education.<\/p>\n<\/p><\/div>\n<\/p><\/div>\n<div class=\"blocmedia blocmedia--textright blocmedia--color1\" id=\"bloc_2_6\">\n<div class=\"container\">\n<div class=\"row\">\n<div class=\"col-12 col-md-6\">\n<div class=\"slider\">\n<div id=\"slider-bloc_2_6\" class=\"flexslider flexslider--blocmedia loading\">\n<ul class=\"slides list-unstyled\">\n<li class=\"slider-li\">\n\t\t\t\t\t\t\t\t\t\t     \t<a data-fancybox=\"rel-slider-bloc_2_6\" data-caption=\"\" href=\"https:\/\/odyssey.education\/wp-content\/uploads\/2025\/10\/251015_Carte-Odyssey-Education-12-ecoles-fond-transparent-722x564.png\"><br \/>\n\t\t\t\t\t\t\t\t\t\t\t\t\t<img decoding=\"async\" class=\"img-fluid\" src=\"https:\/\/odyssey.education\/wp-content\/uploads\/2025\/10\/251015_Carte-Odyssey-Education-12-ecoles-fond-transparent-722x564.png\" width=\"\" height=\"\" alt=\"\"><br \/>\n\t\t\t\t\t\t\t\t\t\t\t\t<\/a>\n\t\t\t\t\t\t\t\t\t\t     <\/li>\n<\/ul><\/div>\n<\/p><\/div>\n<\/p><\/div>\n<div class=\"col-12 col-md-5 d-flex flex-column justify-content-center align-items-start mb-2 mb-md-0\">\n<div class=\"text\">\n<h2><span>Odyssey Education<\/span><\/h2>\n<p>The Odyssey Education Group is made up of 12 excellent schools on 3 continents and in 11 countries, offering a first-class education to students from all over the worlda. Our international schools embody the values of openness, excellence and success. Based in Paris, Odyssey Education supports each school in its development and ensures an enriching educational experience for its students.<\/p>\n<p>\t\t\t\t\t\t<!-- Changer la classe de couleur du bouton en fonction de la couleur g\u00e9n\u00e9rale du bloc --><\/p>\n<div class=\"bloc_cta\" ><\/div>\n<\/p><\/div>\n<\/p><\/div>\n<\/p><\/div>\n<\/p><\/div>\n<\/div>\n<div class=\"listeetablissements\">\n<div class=\"container\">\n<h2 class=\"text-center\"><span>Our schools<\/span><\/h2>\n<h3 class=\"pt-2\">Europe<\/h3>\n<div class=\"row\">\n<div class=\"col-12 col-sm-6 col-lg-4 col-xl-3 mb-2\">\n<div class=\"etablissement d-flex flex-column\">\n\t\t\t\t\t\t\t\t<img decoding=\"async\" class=\"img-fluid\" src=\"https:\/\/odyssey.education\/wp-content\/uploads\/2021\/12\/Campus-Rome@2x-610x470.png\" width=\"480\" height=\"222\" alt=\"Institut International Saint-Dominique, Rome\"><\/p>\n<div class=\"d-flex flex-column justify-content-between align-items-start\">\n<div>\n\t\t\t\t\t\t\t\t\t\t<span>Institut International Saint-Dominique, Rome<\/span><br \/>\n\t\t\t\t\t\t\t\t\t\t<strong>Italy<\/strong>\n\t\t\t\t\t\t\t\t\t<\/div>\n<p>\t\t\t\t\t\t\t\t\t<a href=\"https:\/\/odyssey.education\/en\/ecole\/institut-international-saint-dominique-rome\/\" class=\"btn btn--color4\">Find out more<\/a>\n\t\t\t\t\t\t\t\t<\/div>\n<\/p><\/div>\n<\/p><\/div>\n<div class=\"col-12 col-sm-6 col-lg-4 col-xl-3 mb-2\">\n<div class=\"etablissement d-flex flex-column\">\n\t\t\t\t\t\t\t\t<img decoding=\"async\" class=\"img-fluid\" src=\"https:\/\/odyssey.education\/wp-content\/uploads\/2025\/03\/LFI-Seville-1-610x470.jpeg\" width=\"480\" height=\"222\" alt=\"Lyc\u00e9e Fran\u00e7ais International de S\u00e9ville\"><\/p>\n<div class=\"d-flex flex-column justify-content-between align-items-start\">\n<div>\n\t\t\t\t\t\t\t\t\t\t<span>Lyc\u00e9e Fran\u00e7ais International de S\u00e9ville<\/span><br \/>\n\t\t\t\t\t\t\t\t\t\t<strong>Espagne<\/strong>\n\t\t\t\t\t\t\t\t\t<\/div>\n<p>\t\t\t\t\t\t\t\t\t<a href=\"https:\/\/odyssey.education\/ecole\/lycee-francais-international-seville\/\" class=\"btn btn--color4\">Find out more<\/a>\n\t\t\t\t\t\t\t\t<\/div>\n<\/p><\/div>\n<\/p><\/div>\n<div class=\"col-12 col-sm-6 col-lg-4 col-xl-3 mb-2\">\n<div class=\"etablissement d-flex flex-column\">\n\t\t\t\t\t\t\t\t<img decoding=\"async\" class=\"img-fluid\" src=\"https:\/\/odyssey.education\/wp-content\/uploads\/2021\/12\/Etablissement-EFI-Bucarest-610x470.jpg\" width=\"480\" height=\"222\" alt=\"\u00c9cole Fran\u00e7aise Internationale, Bucarest\"><\/p>\n<div class=\"d-flex flex-column justify-content-between align-items-start\">\n<div>\n\t\t\t\t\t\t\t\t\t\t<span>\u00c9cole Fran\u00e7aise Internationale, Bucarest<\/span><br \/>\n\t\t\t\t\t\t\t\t\t\t<strong>Romania<\/strong>\n\t\t\t\t\t\t\t\t\t<\/div>\n<p>\t\t\t\t\t\t\t\t\t<a href=\"https:\/\/odyssey.education\/en\/ecole\/ecole-francaise-internationale-bucarest\/\" class=\"btn btn--color4\">Find out more<\/a>\n\t\t\t\t\t\t\t\t<\/div>\n<\/p><\/div>\n<\/p><\/div>\n<div class=\"col-12 col-sm-6 col-lg-4 col-xl-3 mb-2\">\n<div class=\"etablissement d-flex flex-column\">\n\t\t\t\t\t\t\t\t<img decoding=\"async\" class=\"img-fluid\" src=\"https:\/\/odyssey.education\/wp-content\/uploads\/2021\/12\/221010-LFIA-Spaces-39-610x470.jpg\" width=\"480\" height=\"222\" alt=\"Lyc\u00e9e Fran\u00e7ais International, Anvers\"><\/p>\n<div class=\"d-flex flex-column justify-content-between align-items-start\">\n<div>\n\t\t\t\t\t\t\t\t\t\t<span>Lyc\u00e9e Fran\u00e7ais International, Anvers<\/span><br \/>\n\t\t\t\t\t\t\t\t\t\t<strong>Belgium<\/strong>\n\t\t\t\t\t\t\t\t\t<\/div>\n<p>\t\t\t\t\t\t\t\t\t<a href=\"https:\/\/odyssey.education\/en\/ecole\/lycee-francais-international-antwerp\/\" class=\"btn btn--color4\">Find out more<\/a>\n\t\t\t\t\t\t\t\t<\/div>\n<\/p><\/div>\n<\/p><\/div>\n<div class=\"col-12 col-sm-6 col-lg-4 col-xl-3 mb-2\">\n<div class=\"etablissement d-flex flex-column\">\n\t\t\t\t\t\t\t\t<img decoding=\"async\" class=\"img-fluid\" src=\"https:\/\/odyssey.education\/wp-content\/uploads\/2021\/12\/13055007_1121068001246943_3748976043435774069_o-610x470.jpeg\" width=\"480\" height=\"222\" alt=\"Coll\u00e8ge International Fran\u00e7ais, Sarajevo\"><\/p>\n<div class=\"d-flex flex-column justify-content-between align-items-start\">\n<div>\n\t\t\t\t\t\t\t\t\t\t<span>Coll\u00e8ge International Fran\u00e7ais, Sarajevo<\/span><br \/>\n\t\t\t\t\t\t\t\t\t\t<strong>Bosnia and herzegovina<\/strong>\n\t\t\t\t\t\t\t\t\t<\/div>\n<p>\t\t\t\t\t\t\t\t\t<a href=\"https:\/\/odyssey.education\/en\/ecole\/college-international-francais-sarajevo\/\" class=\"btn btn--color4\">Find out more<\/a>\n\t\t\t\t\t\t\t\t<\/div>\n<\/p><\/div>\n<\/p><\/div>\n<div class=\"col-12 col-sm-6 col-lg-4 col-xl-3 mb-2\">\n<div class=\"etablissement d-flex flex-column\">\n\t\t\t\t\t\t\t\t<img decoding=\"async\" class=\"img-fluid\" src=\"https:\/\/odyssey.education\/wp-content\/uploads\/2025\/01\/EFI-Skopje-5-610x470.jpg\" width=\"480\" height=\"222\" alt=\"\u00c9cole Fran\u00e7aise Internationale, Skopje\"><\/p>\n<div class=\"d-flex flex-column justify-content-between align-items-start\">\n<div>\n\t\t\t\t\t\t\t\t\t\t<span>\u00c9cole Fran\u00e7aise Internationale, Skopje<\/span><br \/>\n\t\t\t\t\t\t\t\t\t\t<strong>Macedonia<\/strong>\n\t\t\t\t\t\t\t\t\t<\/div>\n<p>\t\t\t\t\t\t\t\t\t<a href=\"https:\/\/odyssey.education\/en\/ecole\/ecole-francaise-internationale-skopje\/\" class=\"btn btn--color4\">Find out more<\/a>\n\t\t\t\t\t\t\t\t<\/div>\n<\/p><\/div>\n<\/p><\/div>\n<div class=\"col-12 col-sm-6 col-lg-4 col-xl-3 mb-2\">\n<div class=\"etablissement d-flex flex-column\">\n\t\t\t\t\t\t\t\t<img decoding=\"async\" class=\"img-fluid\" src=\"https:\/\/odyssey.education\/wp-content\/uploads\/2024\/12\/EFI-Tirana-3-610x470.jpg\" width=\"480\" height=\"222\" alt=\"\u00c9cole Fran\u00e7aise Internationale, Tirana\"><\/p>\n<div class=\"d-flex flex-column justify-content-between align-items-start\">\n<div>\n\t\t\t\t\t\t\t\t\t\t<span>\u00c9cole Fran\u00e7aise Internationale, Tirana<\/span><br \/>\n\t\t\t\t\t\t\t\t\t\t<strong>Albania<\/strong>\n\t\t\t\t\t\t\t\t\t<\/div>\n<p>\t\t\t\t\t\t\t\t\t<a href=\"https:\/\/odyssey.education\/en\/ecole\/ecole-francaise-internationale-tirana\/\" class=\"btn btn--color4\">Find out more<\/a>\n\t\t\t\t\t\t\t\t<\/div>\n<\/p><\/div>\n<\/p><\/div>\n<\/div>\n<h3 class=\"pt-2\">Africa<\/h3>\n<div class=\"row\">\n<div class=\"col-12 col-sm-6 col-lg-4 col-xl-3 mb-2\">\n<div class=\"etablissement d-flex flex-column\">\n\t\t\t\t\t\t\t\t<img decoding=\"async\" class=\"img-fluid\" src=\"https:\/\/odyssey.education\/wp-content\/uploads\/2021\/12\/EFI-Casblanca_Ecole_campus-secondaire-2-610x470.jpg\" width=\"480\" height=\"222\" alt=\"\u00c9cole Fran\u00e7aise Internationale, Casablanca\"><\/p>\n<div class=\"d-flex flex-column justify-content-between align-items-start\">\n<div>\n\t\t\t\t\t\t\t\t\t\t<span>\u00c9cole Fran\u00e7aise Internationale, Casablanca<\/span><br \/>\n\t\t\t\t\t\t\t\t\t\t<strong>Morocco<\/strong>\n\t\t\t\t\t\t\t\t\t<\/div>\n<p>\t\t\t\t\t\t\t\t\t<a href=\"https:\/\/odyssey.education\/en\/ecole\/ecole-francaise-internationale-casablanca\/\" class=\"btn btn--color4\">Find out more<\/a>\n\t\t\t\t\t\t\t\t<\/div>\n<\/p><\/div>\n<\/p><\/div>\n<\/div>\n<h3 class=\"pt-2\">Asia<\/h3>\n<div class=\"row\">\n<div class=\"col-12 col-sm-6 col-lg-4 col-xl-3 mb-2\">\n<div class=\"etablissement d-flex flex-column\">\n\t\t\t\t\t\t\t\t<img decoding=\"async\" class=\"img-fluid\" src=\"https:\/\/odyssey.education\/wp-content\/uploads\/2021\/12\/LPE-Singapour-11-610x470.png\" width=\"480\" height=\"222\" alt=\"La Petite Ecole, Singapour\"><\/p>\n<div class=\"d-flex flex-column justify-content-between align-items-start\">\n<div>\n\t\t\t\t\t\t\t\t\t\t<span>La Petite Ecole, Singapour<\/span><br \/>\n\t\t\t\t\t\t\t\t\t\t<strong>Singapore<\/strong>\n\t\t\t\t\t\t\t\t\t<\/div>\n<p>\t\t\t\t\t\t\t\t\t<a href=\"https:\/\/odyssey.education\/en\/ecole\/la-petite-ecole-singapour\/\" class=\"btn btn--color4\">Find out more<\/a>\n\t\t\t\t\t\t\t\t<\/div>\n<\/p><\/div>\n<\/p><\/div>\n<div class=\"col-12 col-sm-6 col-lg-4 col-xl-3 mb-2\">\n<div class=\"etablissement d-flex flex-column\">\n\t\t\t\t\t\t\t\t<img decoding=\"async\" class=\"img-fluid\" src=\"https:\/\/odyssey.education\/wp-content\/uploads\/2021\/12\/BKK-pool-view-610x470.jpg\" width=\"480\" height=\"222\" alt=\"La Petite Ecole,  Bangkok\"><\/p>\n<div class=\"d-flex flex-column justify-content-between align-items-start\">\n<div>\n\t\t\t\t\t\t\t\t\t\t<span>La Petite Ecole,  Bangkok<\/span><br \/>\n\t\t\t\t\t\t\t\t\t\t<strong>Thailand<\/strong>\n\t\t\t\t\t\t\t\t\t<\/div>\n<p>\t\t\t\t\t\t\t\t\t<a href=\"https:\/\/odyssey.education\/en\/ecole\/la-petite-ecole-bangkok\/\" class=\"btn btn--color4\">Find out more<\/a>\n\t\t\t\t\t\t\t\t<\/div>\n<\/p><\/div>\n<\/p><\/div>\n<div class=\"col-12 col-sm-6 col-lg-4 col-xl-3 mb-2\">\n<div class=\"etablissement d-flex flex-column\">\n\t\t\t\t\t\t\t\t<img decoding=\"async\" class=\"img-fluid\" src=\"https:\/\/odyssey.education\/wp-content\/uploads\/2021\/12\/LPE-Ho-Chi-Minh-14-610x470.png\" width=\"480\" height=\"222\" alt=\"La Petite Ecole, Ho Chi Minh City\"><\/p>\n<div class=\"d-flex flex-column justify-content-between align-items-start\">\n<div>\n\t\t\t\t\t\t\t\t\t\t<span>La Petite Ecole, Ho Chi Minh City<\/span><br \/>\n\t\t\t\t\t\t\t\t\t\t<strong>Vietnam<\/strong>\n\t\t\t\t\t\t\t\t\t<\/div>\n<p>\t\t\t\t\t\t\t\t\t<a href=\"https:\/\/odyssey.education\/en\/ecole\/la-petite-ecole-ho-chi-minh-city\/\" class=\"btn btn--color4\">Find out more<\/a>\n\t\t\t\t\t\t\t\t<\/div>\n<\/p><\/div>\n<\/p><\/div>\n<div class=\"col-12 col-sm-6 col-lg-4 col-xl-3 mb-2\">\n<div class=\"etablissement d-flex flex-column\">\n\t\t\t\t\t\t\t\t<img decoding=\"async\" class=\"img-fluid\" src=\"https:\/\/odyssey.education\/wp-content\/uploads\/2024\/03\/LPE-Hanoi_DSC09978-610x470.jpg\" width=\"480\" height=\"222\" alt=\"La Petite Ecole, Hanoi\"><\/p>\n<div class=\"d-flex flex-column justify-content-between align-items-start\">\n<div>\n\t\t\t\t\t\t\t\t\t\t<span>La Petite Ecole, Hanoi<\/span><br \/>\n\t\t\t\t\t\t\t\t\t\t<strong>Vietnam<\/strong>\n\t\t\t\t\t\t\t\t\t<\/div>\n<p>\t\t\t\t\t\t\t\t\t<a href=\"https:\/\/odyssey.education\/en\/ecole\/la-petite-ecole-hanoi\/\" class=\"btn btn--color4\">Find out more<\/a>\n\t\t\t\t\t\t\t\t<\/div>\n<\/p><\/div>\n<\/p><\/div>\n<\/p><\/div>\n<\/p><\/div>\n<\/div>\n<div class=\"blocinfo blocinfo--color1\" id=\"bloc_10_8\">\n<div class=\"container\">\n<div class=\"row\">\n<div class=\"col-12 col-md-6\">\n<h2><span>Do you need further information?<\/span><\/h2>\n<p>We\u2019re always available to help you find the best school for your child.<\/p>\n<p>\t\t\t\t<!-- Changer la classe de couleur du bouton en fonction de la couleur g\u00e9n\u00e9rale du bloc --><\/p>\n<div class=\"bloc_cta\" >\n\t<a href=\"https:\/\/odyssey.education\/en\/contact-us\/\" title=\"Contact us\" target=\"\" class=\"mr-3 btn btn--color1\">Contact us<\/a> \t\t\t\t<\/div>\n<\/p><\/div>\n<\/p><\/div>\n<\/p><\/div>\n<\/div>\n","protected":false},"excerpt":{"rendered":"<p>OUR SCHOOLS Find out about our schools dedicated to French education. Odyssey Education The Odyssey Education Group is made up [&hellip;]<\/p>\n","protected":false},"author":1,"featured_media":10782,"parent":0,"menu_order":70,"comment_status":"closed","ping_status":"closed","template":"","meta":{"_acf_changed":false,"kdcopypost-origin-url":"","kdcopypost-origin-id":"","footnotes":""},"class_list":["post-2342","page","type-page","status-publish","has-post-thumbnail","hentry"],"acf":[],"yoast_head":"<!-- This site is optimized with the Yoast SEO plugin v27.4 - https:\/\/yoast.com\/product\/yoast-seo-wordpress\/ -->\n<title>Our schools | Africa, Europe and Asia | Odyssey Education<\/title>\n<meta name=\"description\" content=\"Vous \u00eates \u00e0 la recherche d&#039;un \u00e9tablissement pour votre enfant ? D\u00e9couvrez en images nos \u00e9tablissements de Casablanca, Rome, Bruxelles, ...\" \/>\n<meta name=\"robots\" content=\"index, follow, max-snippet:-1, max-image-preview:large, max-video-preview:-1\" \/>\n<link rel=\"canonical\" href=\"https:\/\/odyssey.education\/en\/our-schools\/\" \/>\n<meta property=\"og:locale\" content=\"en_US\" \/>\n<meta property=\"og:type\" content=\"article\" \/>\n<meta property=\"og:title\" content=\"Our schools | Africa, Europe and Asia | Odyssey Education\" \/>\n<meta property=\"og:description\" content=\"Vous \u00eates \u00e0 la recherche d&#039;un \u00e9tablissement pour votre enfant ? D\u00e9couvrez en images nos \u00e9tablissements de Casablanca, Rome, Bruxelles, ...\" \/>\n<meta property=\"og:url\" content=\"https:\/\/odyssey.education\/en\/our-schools\/\" \/>\n<meta property=\"og:site_name\" content=\"ODYSSEY\" \/>\n<meta property=\"article:modified_time\" content=\"2025-10-30T15:35:43+00:00\" \/>\n<meta property=\"og:image\" content=\"https:\/\/odyssey.education\/wp-content\/uploads\/2025\/10\/251015_Carte-Odyssey-Education-12-ecoles-fond-transparent-scaled.png\" \/>\n\t<meta property=\"og:image:width\" content=\"2560\" \/>\n\t<meta property=\"og:image:height\" content=\"1920\" \/>\n\t<meta property=\"og:image:type\" content=\"image\/png\" \/>\n<meta name=\"twitter:card\" content=\"summary_large_image\" \/>\n<meta name=\"twitter:label1\" content=\"Est. reading time\" \/>\n\t<meta name=\"twitter:data1\" content=\"5 minutes\" \/>\n<script type=\"application\/ld+json\" class=\"yoast-schema-graph\">{\"@context\":\"https:\\\/\\\/schema.org\",\"@graph\":[{\"@type\":\"WebPage\",\"@id\":\"https:\\\/\\\/odyssey.education\\\/en\\\/our-schools\\\/\",\"url\":\"https:\\\/\\\/odyssey.education\\\/en\\\/our-schools\\\/\",\"name\":\"Our schools | Africa, Europe and Asia | Odyssey Education\",\"isPartOf\":{\"@id\":\"https:\\\/\\\/odyssey.education\\\/#website\"},\"primaryImageOfPage\":{\"@id\":\"https:\\\/\\\/odyssey.education\\\/en\\\/our-schools\\\/#primaryimage\"},\"image\":{\"@id\":\"https:\\\/\\\/odyssey.education\\\/en\\\/our-schools\\\/#primaryimage\"},\"thumbnailUrl\":\"https:\\\/\\\/odyssey.education\\\/wp-content\\\/uploads\\\/2025\\\/10\\\/251015_Carte-Odyssey-Education-12-ecoles-fond-transparent-scaled.png\",\"datePublished\":\"2021-11-30T14:43:56+00:00\",\"dateModified\":\"2025-10-30T15:35:43+00:00\",\"description\":\"Vous \u00eates \u00e0 la recherche d'un \u00e9tablissement pour votre enfant ? D\u00e9couvrez en images nos \u00e9tablissements de Casablanca, Rome, Bruxelles, ...\",\"breadcrumb\":{\"@id\":\"https:\\\/\\\/odyssey.education\\\/en\\\/our-schools\\\/#breadcrumb\"},\"inLanguage\":\"en-US\",\"potentialAction\":[{\"@type\":\"ReadAction\",\"target\":[\"https:\\\/\\\/odyssey.education\\\/en\\\/our-schools\\\/\"]}]},{\"@type\":\"ImageObject\",\"inLanguage\":\"en-US\",\"@id\":\"https:\\\/\\\/odyssey.education\\\/en\\\/our-schools\\\/#primaryimage\",\"url\":\"https:\\\/\\\/odyssey.education\\\/wp-content\\\/uploads\\\/2025\\\/10\\\/251015_Carte-Odyssey-Education-12-ecoles-fond-transparent-scaled.png\",\"contentUrl\":\"https:\\\/\\\/odyssey.education\\\/wp-content\\\/uploads\\\/2025\\\/10\\\/251015_Carte-Odyssey-Education-12-ecoles-fond-transparent-scaled.png\",\"width\":2560,\"height\":1920},{\"@type\":\"BreadcrumbList\",\"@id\":\"https:\\\/\\\/odyssey.education\\\/en\\\/our-schools\\\/#breadcrumb\",\"itemListElement\":[{\"@type\":\"ListItem\",\"position\":1,\"name\":\"Accueil\",\"item\":\"https:\\\/\\\/odyssey.education\\\/en\\\/\"},{\"@type\":\"ListItem\",\"position\":2,\"name\":\"Our schools\"}]},{\"@type\":\"WebSite\",\"@id\":\"https:\\\/\\\/odyssey.education\\\/#website\",\"url\":\"https:\\\/\\\/odyssey.education\\\/\",\"name\":\"ODYSSEY\",\"description\":\"Lyc\u00e9es fran\u00e7ais, International Education\",\"publisher\":{\"@id\":\"https:\\\/\\\/odyssey.education\\\/#organization\"},\"potentialAction\":[{\"@type\":\"SearchAction\",\"target\":{\"@type\":\"EntryPoint\",\"urlTemplate\":\"https:\\\/\\\/odyssey.education\\\/?s={search_term_string}\"},\"query-input\":{\"@type\":\"PropertyValueSpecification\",\"valueRequired\":true,\"valueName\":\"search_term_string\"}}],\"inLanguage\":\"en-US\"},{\"@type\":\"Organization\",\"@id\":\"https:\\\/\\\/odyssey.education\\\/#organization\",\"name\":\"Odyssey\",\"url\":\"https:\\\/\\\/odyssey.education\\\/\",\"logo\":{\"@type\":\"ImageObject\",\"inLanguage\":\"en-US\",\"@id\":\"https:\\\/\\\/odyssey.education\\\/#\\\/schema\\\/logo\\\/image\\\/\",\"url\":\"https:\\\/\\\/odyssey.education\\\/wp-content\\\/uploads\\\/2022\\\/01\\\/logo-2.png\",\"contentUrl\":\"https:\\\/\\\/odyssey.education\\\/wp-content\\\/uploads\\\/2022\\\/01\\\/logo-2.png\",\"width\":278,\"height\":101,\"caption\":\"Odyssey\"},\"image\":{\"@id\":\"https:\\\/\\\/odyssey.education\\\/#\\\/schema\\\/logo\\\/image\\\/\"},\"sameAs\":[\"https:\\\/\\\/www.linkedin.com\\\/company\\\/odyssey-international-sas\\\/\"]}]}<\/script>\n<!-- \/ Yoast SEO plugin. -->","yoast_head_json":{"title":"Our schools | Africa, Europe and Asia | Odyssey Education","description":"Vous \u00eates \u00e0 la recherche d'un \u00e9tablissement pour votre enfant ? D\u00e9couvrez en images nos \u00e9tablissements de Casablanca, Rome, Bruxelles, ...","robots":{"index":"index","follow":"follow","max-snippet":"max-snippet:-1","max-image-preview":"max-image-preview:large","max-video-preview":"max-video-preview:-1"},"canonical":"https:\/\/odyssey.education\/en\/our-schools\/","og_locale":"en_US","og_type":"article","og_title":"Our schools | Africa, Europe and Asia | Odyssey Education","og_description":"Vous \u00eates \u00e0 la recherche d'un \u00e9tablissement pour votre enfant ? D\u00e9couvrez en images nos \u00e9tablissements de Casablanca, Rome, Bruxelles, ...","og_url":"https:\/\/odyssey.education\/en\/our-schools\/","og_site_name":"ODYSSEY","article_modified_time":"2025-10-30T15:35:43+00:00","og_image":[{"width":2560,"height":1920,"url":"https:\/\/odyssey.education\/wp-content\/uploads\/2025\/10\/251015_Carte-Odyssey-Education-12-ecoles-fond-transparent-scaled.png","type":"image\/png"}],"twitter_card":"summary_large_image","twitter_misc":{"Est. reading time":"5 minutes"},"schema":{"@context":"https:\/\/schema.org","@graph":[{"@type":"WebPage","@id":"https:\/\/odyssey.education\/en\/our-schools\/","url":"https:\/\/odyssey.education\/en\/our-schools\/","name":"Our schools | Africa, Europe and Asia | Odyssey Education","isPartOf":{"@id":"https:\/\/odyssey.education\/#website"},"primaryImageOfPage":{"@id":"https:\/\/odyssey.education\/en\/our-schools\/#primaryimage"},"image":{"@id":"https:\/\/odyssey.education\/en\/our-schools\/#primaryimage"},"thumbnailUrl":"https:\/\/odyssey.education\/wp-content\/uploads\/2025\/10\/251015_Carte-Odyssey-Education-12-ecoles-fond-transparent-scaled.png","datePublished":"2021-11-30T14:43:56+00:00","dateModified":"2025-10-30T15:35:43+00:00","description":"Vous \u00eates \u00e0 la recherche d'un \u00e9tablissement pour votre enfant ? D\u00e9couvrez en images nos \u00e9tablissements de Casablanca, Rome, Bruxelles, ...","breadcrumb":{"@id":"https:\/\/odyssey.education\/en\/our-schools\/#breadcrumb"},"inLanguage":"en-US","potentialAction":[{"@type":"ReadAction","target":["https:\/\/odyssey.education\/en\/our-schools\/"]}]},{"@type":"ImageObject","inLanguage":"en-US","@id":"https:\/\/odyssey.education\/en\/our-schools\/#primaryimage","url":"https:\/\/odyssey.education\/wp-content\/uploads\/2025\/10\/251015_Carte-Odyssey-Education-12-ecoles-fond-transparent-scaled.png","contentUrl":"https:\/\/odyssey.education\/wp-content\/uploads\/2025\/10\/251015_Carte-Odyssey-Education-12-ecoles-fond-transparent-scaled.png","width":2560,"height":1920},{"@type":"BreadcrumbList","@id":"https:\/\/odyssey.education\/en\/our-schools\/#breadcrumb","itemListElement":[{"@type":"ListItem","position":1,"name":"Accueil","item":"https:\/\/odyssey.education\/en\/"},{"@type":"ListItem","position":2,"name":"Our schools"}]},{"@type":"WebSite","@id":"https:\/\/odyssey.education\/#website","url":"https:\/\/odyssey.education\/","name":"ODYSSEY","description":"Lyc\u00e9es fran\u00e7ais, International Education","publisher":{"@id":"https:\/\/odyssey.education\/#organization"},"potentialAction":[{"@type":"SearchAction","target":{"@type":"EntryPoint","urlTemplate":"https:\/\/odyssey.education\/?s={search_term_string}"},"query-input":{"@type":"PropertyValueSpecification","valueRequired":true,"valueName":"search_term_string"}}],"inLanguage":"en-US"},{"@type":"Organization","@id":"https:\/\/odyssey.education\/#organization","name":"Odyssey","url":"https:\/\/odyssey.education\/","logo":{"@type":"ImageObject","inLanguage":"en-US","@id":"https:\/\/odyssey.education\/#\/schema\/logo\/image\/","url":"https:\/\/odyssey.education\/wp-content\/uploads\/2022\/01\/logo-2.png","contentUrl":"https:\/\/odyssey.education\/wp-content\/uploads\/2022\/01\/logo-2.png","width":278,"height":101,"caption":"Odyssey"},"image":{"@id":"https:\/\/odyssey.education\/#\/schema\/logo\/image\/"},"sameAs":["https:\/\/www.linkedin.com\/company\/odyssey-international-sas\/"]}]}},"_links":{"self":[{"href":"https:\/\/odyssey.education\/en\/wp-json\/wp\/v2\/pages\/2342","targetHints":{"allow":["GET"]}}],"collection":[{"href":"https:\/\/odyssey.education\/en\/wp-json\/wp\/v2\/pages"}],"about":[{"href":"https:\/\/odyssey.education\/en\/wp-json\/wp\/v2\/types\/page"}],"author":[{"embeddable":true,"href":"https:\/\/odyssey.education\/en\/wp-json\/wp\/v2\/users\/1"}],"replies":[{"embeddable":true,"href":"https:\/\/odyssey.education\/en\/wp-json\/wp\/v2\/comments?post=2342"}],"version-history":[{"count":42,"href":"https:\/\/odyssey.education\/en\/wp-json\/wp\/v2\/pages\/2342\/revisions"}],"predecessor-version":[{"id":10894,"href":"https:\/\/odyssey.education\/en\/wp-json\/wp\/v2\/pages\/2342\/revisions\/10894"}],"wp:featuredmedia":[{"embeddable":true,"href":"https:\/\/odyssey.education\/en\/wp-json\/wp\/v2\/media\/10782"}],"wp:attachment":[{"href":"https:\/\/odyssey.education\/en\/wp-json\/wp\/v2\/media?parent=2342"}],"curies":[{"name":"wp","href":"https:\/\/api.w.org\/{rel}","templated":true}]}}